{"id":249,"date":"2023-03-06T23:10:45","date_gmt":"2023-03-06T23:10:45","guid":{"rendered":"https:\/\/delafuentestudio.com\/?post_type=product&#038;p=249"},"modified":"2026-02-14T19:10:39","modified_gmt":"2026-02-14T19:10:39","slug":"brazalete-margaritas","status":"publish","type":"product","link":"https:\/\/delafuentestudio.com\/index.php\/producto\/brazalete-margaritas\/","title":{"rendered":"BRAZALETE MARGARITAS"},"content":{"rendered":"<p>Las Margaritas s\u00f3n simples\u2026pero muy sofisticadas, muchos las consideran la flor m\u00e1s bonita&#8230;<\/p>\n<p>Simbolizan la amistad incondicional, la inocencia y el amor puro.<\/p>\n<p>Detalles:<\/p>\n<ul>\n<li>Material: Plata de Ley con ba\u00f1o de Oro de 24 quilates y cristal<\/li>\n<li>Medidas: 19 cm de contorno de brazo<\/li>\n<li>Talla \u00fanica ajustable<\/li>\n<li>Medidas Margarita: 3,5 cm x 3,5 cm<\/li>\n<\/ul>\n<p>Fabricaci\u00f3n:<\/p>\n<ul>\n<li>Esta pieza es un Dise\u00f1o exclusivo de Delafuente<\/li>\n<li>Hecho en Almer\u00eda.<\/li>\n<\/ul>\n<p><a href=\"https:\/\/delafuentestudio.com\/index.php\/limpieza-y-cuidados\/\">LIMPIEZA Y CUIDADOS<\/a><\/p>\n<p><a href=\"https:\/\/delafuentestudio.com\/index.php\/guia-de-tallas\/\">GUIA DE TALLAS<\/a><\/p>\n<p>&nbsp;<\/p>\n","protected":false},"excerpt":{"rendered":"<p>Las Margaritas s\u00f3n simples\u2026pero muy sofisticadas, muchos las consideran la flor m\u00e1s bonita&#8230; Simbolizan la amistad incondicional, la inocencia y el amor puro. Detalles: Material: Plata de Ley con ba\u00f1o de Oro de 24 quilates y cristal Medidas: 19 cm de contorno de brazo Talla \u00fanica ajustable Medidas Margarita: 3,5 cm x 3,5 cm Fabricaci\u00f3n: [&hellip;]<\/p>\n","protected":false},"featured_media":1275,"template":"","meta":{"_uag_custom_page_level_css":"","site-sidebar-layout":"default","site-content-layout":"default","ast-site-content-layout":"default","site-content-style":"default","site-sidebar-style":"default","ast-global-header-display":"","ast-banner-title-visibility":"","ast-main-header-display":"","ast-hfb-above-header-display":"","ast-hfb-below-header-display":"","ast-hfb-mobile-header-display":"","site-post-title":"","ast-breadcrumbs-content":"","ast-featured-img":"","footer-sml-layout":"","theme-transparent-header-meta":"default","adv-header-id-meta":"","stick-header-meta":"","header-above-stick-meta":"","header-main-stick-meta":"","header-below-stick-meta":"","astra-migrate-meta-layouts":"set","ast-page-background-enabled":"default","ast-page-background-meta":{"desktop":{"background-color":"var(--ast-global-color-4)","background-image":"","background-repeat":"repeat","background-position":"center center","background-size":"auto","background-attachment":"scroll","background-type":"","background-media":"","overlay-type":"","overlay-color":"","overlay-opacity":"","overlay-gradient":""},"tablet":{"background-color":"","background-image":"","background-repeat":"repeat","background-position":"center center","background-size":"auto","background-attachment":"scroll","background-type":"","background-media":"","overlay-type":"","overlay-color":"","overlay-opacity":"","overlay-gradient":""},"mobile":{"background-color":"","background-image":"","background-repeat":"repeat","background-position":"center center","background-size":"auto","background-attachment":"scroll","background-type":"","background-media":"","overlay-type":"","overlay-color":"","overlay-opacity":"","overlay-gradient":""}},"ast-content-background-meta":{"desktop":{"background-color":"var(--ast-global-color-5)","background-image":"","background-repeat":"repeat","background-position":"center center","background-size":"auto","background-attachment":"scroll","background-type":"","background-media":"","overlay-type":"","overlay-color":"","overlay-opacity":"","overlay-gradient":""},"tablet":{"background-color":"var(--ast-global-color-5)","background-image":"","background-repeat":"repeat","background-position":"center center","background-size":"auto","background-attachment":"scroll","background-type":"","background-media":"","overlay-type":"","overlay-color":"","overlay-opacity":"","overlay-gradient":""},"mobile":{"background-color":"var(--ast-global-color-5)","background-image":"","background-repeat":"repeat","background-position":"center center","background-size":"auto","background-attachment":"scroll","background-type":"","background-media":"","overlay-type":"","overlay-color":"","overlay-opacity":"","overlay-gradient":""}}},"product_brand":[],"product_cat":[23],"product_tag":[],"class_list":{"0":"post-249","1":"product","2":"type-product","3":"status-publish","4":"has-post-thumbnail","6":"product_cat-brazaletes","7":"desktop-align-center","8":"tablet-align-left","9":"mobile-align-left","11":"first","12":"outofstock","13":"taxable","14":"shipping-taxable","15":"purchasable","16":"product-type-simple"},"uagb_featured_image_src":{"full":["https:\/\/delafuentestudio.com\/wp-content\/uploads\/2023\/03\/sad-11-2.jpg",822,822,false],"thumbnail":["https:\/\/delafuentestudio.com\/wp-content\/uploads\/2023\/03\/sad-11-2-150x150.jpg",150,150,true],"medium":["https:\/\/delafuentestudio.com\/wp-content\/uploads\/2023\/03\/sad-11-2-300x300.jpg",300,300,true],"medium_large":["https:\/\/delafuentestudio.com\/wp-content\/uploads\/2023\/03\/sad-11-2-768x768.jpg",768,768,true],"large":["https:\/\/delafuentestudio.com\/wp-content\/uploads\/2023\/03\/sad-11-2.jpg",822,822,false],"1536x1536":["https:\/\/delafuentestudio.com\/wp-content\/uploads\/2023\/03\/sad-11-2.jpg",822,822,false],"2048x2048":["https:\/\/delafuentestudio.com\/wp-content\/uploads\/2023\/03\/sad-11-2.jpg",822,822,false],"woocommerce_thumbnail":["https:\/\/delafuentestudio.com\/wp-content\/uploads\/2023\/03\/sad-11-2-300x300.jpg",300,300,true],"woocommerce_single":["https:\/\/delafuentestudio.com\/wp-content\/uploads\/2023\/03\/sad-11-2-600x600.jpg",600,600,true],"woocommerce_gallery_thumbnail":["https:\/\/delafuentestudio.com\/wp-content\/uploads\/2023\/03\/sad-11-2-100x100.jpg",100,100,true]},"uagb_author_info":{"display_name":"delafuentestudio.info","author_link":"https:\/\/delafuentestudio.com\/index.php\/author\/"},"uagb_comment_info":0,"uagb_excerpt":"Las Margaritas s\u00f3n simples\u2026pero muy sofisticadas, muchos las consideran la flor m\u00e1s bonita&#8230; Simbolizan la amistad incondicional, la inocencia y el amor puro. Detalles: Material: Plata de Ley con ba\u00f1o de Oro de 24 quilates y cristal Medidas: 19 cm de contorno de brazo Talla \u00fanica ajustable Medidas Margarita: 3,5 cm x 3,5 cm Fabricaci\u00f3n:&hellip;","jetpack_sharing_enabled":true,"_links":{"self":[{"href":"https:\/\/delafuentestudio.com\/index.php\/wp-json\/wp\/v2\/product\/249","targetHints":{"allow":["GET"]}}],"collection":[{"href":"https:\/\/delafuentestudio.com\/index.php\/wp-json\/wp\/v2\/product"}],"about":[{"href":"https:\/\/delafuentestudio.com\/index.php\/wp-json\/wp\/v2\/types\/product"}],"version-history":[{"count":5,"href":"https:\/\/delafuentestudio.com\/index.php\/wp-json\/wp\/v2\/product\/249\/revisions"}],"predecessor-version":[{"id":1003,"href":"https:\/\/delafuentestudio.com\/index.php\/wp-json\/wp\/v2\/product\/249\/revisions\/1003"}],"wp:featuredmedia":[{"embeddable":true,"href":"https:\/\/delafuentestudio.com\/index.php\/wp-json\/wp\/v2\/media\/1275"}],"wp:attachment":[{"href":"https:\/\/delafuentestudio.com\/index.php\/wp-json\/wp\/v2\/media?parent=249"}],"wp:term":[{"taxonomy":"product_brand","embeddable":true,"href":"https:\/\/delafuentestudio.com\/index.php\/wp-json\/wp\/v2\/product_brand?post=249"},{"taxonomy":"product_cat","embeddable":true,"href":"https:\/\/delafuentestudio.com\/index.php\/wp-json\/wp\/v2\/product_cat?post=249"},{"taxonomy":"product_tag","embeddable":true,"href":"https:\/\/delafuentestudio.com\/index.php\/wp-json\/wp\/v2\/product_tag?post=249"}],"curies":[{"name":"wp","href":"https:\/\/api.w.org\/{rel}","templated":true}]}}