{"id":246,"date":"2023-03-06T23:06:51","date_gmt":"2023-03-06T23:06:51","guid":{"rendered":"https:\/\/delafuentestudio.com\/?post_type=product&#038;p=246"},"modified":"2026-02-14T19:05:27","modified_gmt":"2026-02-14T19:05:27","slug":"collar-stella","status":"publish","type":"product","link":"https:\/\/delafuentestudio.com\/index.php\/producto\/collar-stella\/","title":{"rendered":"COLLAR STELLA AMARILLO"},"content":{"rendered":"<p>Stellas, hermosas luces que brillan con luz propia, nos alumbran, nos<br \/>\ngu\u00edan &#8230;<br \/>\nNuestra Stella, con matices Victorianos, como las de *Sissi*, ser\u00e1n un<br \/>\nregalo muy especial.<\/p>\n<p>Detalles<\/p>\n<ul>\n<li>Material: Plata de Ley con ba\u00f1o de Oro Amarillo de 24 quilates y cristal<\/li>\n<li>Medidas: 38,5 cm de contorno de cuello m\u00e1s 6 cm de alargador<\/li>\n<li>Medida Stella: 2cm x 2cm<\/li>\n<\/ul>\n<p>Fabricaci\u00f3n:<\/p>\n<ul>\n<li>Esta pieza es un Dise\u00f1o exclusivo de Delafuente<\/li>\n<li>Hecho en Almer\u00eda.<\/li>\n<\/ul>\n<p><a href=\"https:\/\/delafuentestudio.com\/index.php\/limpieza-y-cuidados\/\">LIMPIEZA Y CUIDADOS<\/a><\/p>\n<p><a href=\"https:\/\/delafuentestudio.com\/index.php\/guia-de-tallas\/\">GUIA DE TALLAS<\/a><\/p>\n","protected":false},"excerpt":{"rendered":"<p>Stellas, hermosas luces que brillan con luz propia, nos alumbran, nos gu\u00edan &#8230; Nuestra Stella, con matices Victorianos, como las de *Sissi*, ser\u00e1n un regalo muy especial. Detalles Material: Plata de Ley con ba\u00f1o de Oro Amarillo de 24 quilates y cristal Medidas: 38,5 cm de contorno de cuello m\u00e1s 6 cm de alargador Medida [&hellip;]<\/p>\n","protected":false},"featured_media":1123,"template":"","meta":{"_uag_custom_page_level_css":"","site-sidebar-layout":"default","site-content-layout":"default","ast-site-content-layout":"default","site-content-style":"default","site-sidebar-style":"default","ast-global-header-display":"","ast-banner-title-visibility":"","ast-main-header-display":"","ast-hfb-above-header-display":"","ast-hfb-below-header-display":"","ast-hfb-mobile-header-display":"","site-post-title":"","ast-breadcrumbs-content":"","ast-featured-img":"","footer-sml-layout":"","theme-transparent-header-meta":"default","adv-header-id-meta":"","stick-header-meta":"","header-above-stick-meta":"","header-main-stick-meta":"","header-below-stick-meta":"","astra-migrate-meta-layouts":"set","ast-page-background-enabled":"default","ast-page-background-meta":{"desktop":{"background-color":"var(--ast-global-color-4)","background-image":"","background-repeat":"repeat","background-position":"center center","background-size":"auto","background-attachment":"scroll","background-type":"","background-media":"","overlay-type":"","overlay-color":"","overlay-opacity":"","overlay-gradient":""},"tablet":{"background-color":"","background-image":"","background-repeat":"repeat","background-position":"center center","background-size":"auto","background-attachment":"scroll","background-type":"","background-media":"","overlay-type":"","overlay-color":"","overlay-opacity":"","overlay-gradient":""},"mobile":{"background-color":"","background-image":"","background-repeat":"repeat","background-position":"center center","background-size":"auto","background-attachment":"scroll","background-type":"","background-media":"","overlay-type":"","overlay-color":"","overlay-opacity":"","overlay-gradient":""}},"ast-content-background-meta":{"desktop":{"background-color":"var(--ast-global-color-5)","background-image":"","background-repeat":"repeat","background-position":"center center","background-size":"auto","background-attachment":"scroll","background-type":"","background-media":"","overlay-type":"","overlay-color":"","overlay-opacity":"","overlay-gradient":""},"tablet":{"background-color":"var(--ast-global-color-5)","background-image":"","background-repeat":"repeat","background-position":"center center","background-size":"auto","background-attachment":"scroll","background-type":"","background-media":"","overlay-type":"","overlay-color":"","overlay-opacity":"","overlay-gradient":""},"mobile":{"background-color":"var(--ast-global-color-5)","background-image":"","background-repeat":"repeat","background-position":"center center","background-size":"auto","background-attachment":"scroll","background-type":"","background-media":"","overlay-type":"","overlay-color":"","overlay-opacity":"","overlay-gradient":""}}},"product_brand":[],"product_cat":[22],"product_tag":[],"class_list":{"0":"post-246","1":"product","2":"type-product","3":"status-publish","4":"has-post-thumbnail","6":"product_cat-collares","7":"desktop-align-center","8":"tablet-align-left","9":"mobile-align-left","11":"first","12":"instock","13":"taxable","14":"shipping-taxable","15":"purchasable","16":"product-type-simple"},"uagb_featured_image_src":{"full":["https:\/\/delafuentestudio.com\/wp-content\/uploads\/2023\/03\/stella-amarillo-new.jpg",773,773,false],"thumbnail":["https:\/\/delafuentestudio.com\/wp-content\/uploads\/2023\/03\/stella-amarillo-new-150x150.jpg",150,150,true],"medium":["https:\/\/delafuentestudio.com\/wp-content\/uploads\/2023\/03\/stella-amarillo-new-300x300.jpg",300,300,true],"medium_large":["https:\/\/delafuentestudio.com\/wp-content\/uploads\/2023\/03\/stella-amarillo-new-768x768.jpg",768,768,true],"large":["https:\/\/delafuentestudio.com\/wp-content\/uploads\/2023\/03\/stella-amarillo-new.jpg",773,773,false],"1536x1536":["https:\/\/delafuentestudio.com\/wp-content\/uploads\/2023\/03\/stella-amarillo-new.jpg",773,773,false],"2048x2048":["https:\/\/delafuentestudio.com\/wp-content\/uploads\/2023\/03\/stella-amarillo-new.jpg",773,773,false],"woocommerce_thumbnail":["https:\/\/delafuentestudio.com\/wp-content\/uploads\/2023\/03\/stella-amarillo-new-300x300.jpg",300,300,true],"woocommerce_single":["https:\/\/delafuentestudio.com\/wp-content\/uploads\/2023\/03\/stella-amarillo-new-600x600.jpg",600,600,true],"woocommerce_gallery_thumbnail":["https:\/\/delafuentestudio.com\/wp-content\/uploads\/2023\/03\/stella-amarillo-new-100x100.jpg",100,100,true]},"uagb_author_info":{"display_name":"delafuentestudio.info","author_link":"https:\/\/delafuentestudio.com\/index.php\/author\/"},"uagb_comment_info":0,"uagb_excerpt":"Stellas, hermosas luces que brillan con luz propia, nos alumbran, nos gu\u00edan &#8230; Nuestra Stella, con matices Victorianos, como las de *Sissi*, ser\u00e1n un regalo muy especial. Detalles Material: Plata de Ley con ba\u00f1o de Oro Amarillo de 24 quilates y cristal Medidas: 38,5 cm de contorno de cuello m\u00e1s 6 cm de alargador Medida&hellip;","jetpack_sharing_enabled":true,"_links":{"self":[{"href":"https:\/\/delafuentestudio.com\/index.php\/wp-json\/wp\/v2\/product\/246","targetHints":{"allow":["GET"]}}],"collection":[{"href":"https:\/\/delafuentestudio.com\/index.php\/wp-json\/wp\/v2\/product"}],"about":[{"href":"https:\/\/delafuentestudio.com\/index.php\/wp-json\/wp\/v2\/types\/product"}],"version-history":[{"count":4,"href":"https:\/\/delafuentestudio.com\/index.php\/wp-json\/wp\/v2\/product\/246\/revisions"}],"predecessor-version":[{"id":1069,"href":"https:\/\/delafuentestudio.com\/index.php\/wp-json\/wp\/v2\/product\/246\/revisions\/1069"}],"wp:featuredmedia":[{"embeddable":true,"href":"https:\/\/delafuentestudio.com\/index.php\/wp-json\/wp\/v2\/media\/1123"}],"wp:attachment":[{"href":"https:\/\/delafuentestudio.com\/index.php\/wp-json\/wp\/v2\/media?parent=246"}],"wp:term":[{"taxonomy":"product_brand","embeddable":true,"href":"https:\/\/delafuentestudio.com\/index.php\/wp-json\/wp\/v2\/product_brand?post=246"},{"taxonomy":"product_cat","embeddable":true,"href":"https:\/\/delafuentestudio.com\/index.php\/wp-json\/wp\/v2\/product_cat?post=246"},{"taxonomy":"product_tag","embeddable":true,"href":"https:\/\/delafuentestudio.com\/index.php\/wp-json\/wp\/v2\/product_tag?post=246"}],"curies":[{"name":"wp","href":"https:\/\/api.w.org\/{rel}","templated":true}]}}