{"id":245,"date":"2023-03-06T23:06:30","date_gmt":"2023-03-06T23:06:30","guid":{"rendered":"https:\/\/delafuentestudio.com\/?post_type=product&#038;p=245"},"modified":"2026-02-14T18:32:34","modified_gmt":"2026-02-14T18:32:34","slug":"choker-delafuente","status":"publish","type":"product","link":"https:\/\/delafuentestudio.com\/index.php\/producto\/choker-delafuente\/","title":{"rendered":"CHOKER DELAFUENTE"},"content":{"rendered":"<p>DELAFUENTE, amante de la cultura Egipcia, me regal\u00f3 hace a\u00f1os un precioso Usej que adquiri\u00f3 en Khan El-Kalili, el mercado m\u00e1s famoso de Oriente Medio.<br \/>\nUsej significa *ancho* en Egipcio,\u00a0 y hace referencia a los collares que utilizaba la nobleza como Talism\u00e1n.<br \/>\nSiempre lo he tenido guardado *como un tesoro*,\u00a0 ahora lo he recreado&#8230;<\/p>\n<p>Detalles<\/p>\n<ul>\n<li>Material: Plata de Ley con ba\u00f1o de Oro de 24 quilates e hilo de oro laminado de 24 quilates modelado con m\u00e1s de 500 piedras de cristal, n\u00e1car y Amazonita<\/li>\n<li>Medidas: 3,5 cm de ancho, 33 cm de contorno de cuello m\u00e1s 6 cm de alargador<\/li>\n<li>Puedes usarlo en posici\u00f3n choker o en posici\u00f3n collar<\/li>\n<\/ul>\n<p>Fabricaci\u00f3n:<\/p>\n<ul>\n<li>Esta pieza es un Dise\u00f1o exclusivo de Delafuente.<\/li>\n<li>Hecho en Almer\u00eda.<\/li>\n<\/ul>\n<p><a href=\"https:\/\/delafuentestudio.com\/index.php\/limpieza-y-cuidados\/\">LIMPIEZA Y CUIDADOS<\/a><\/p>\n<p><a href=\"https:\/\/delafuentestudio.com\/index.php\/guia-de-tallas\/\">GUIA DE TALLAS<\/a><\/p>\n","protected":false},"excerpt":{"rendered":"<p>DELAFUENTE, amante de la cultura Egipcia, me regal\u00f3 hace a\u00f1os un precioso Usej que adquiri\u00f3 en Khan El-Kalili, el mercado m\u00e1s famoso de Oriente Medio. Usej significa *ancho* en Egipcio,\u00a0 y hace referencia a los collares que utilizaba la nobleza como Talism\u00e1n. Siempre lo he tenido guardado *como un tesoro*,\u00a0 ahora lo he recreado&#8230; Detalles [&hellip;]<\/p>\n","protected":false},"featured_media":1284,"template":"","meta":{"_uag_custom_page_level_css":"","site-sidebar-layout":"default","site-content-layout":"default","ast-site-content-layout":"default","site-content-style":"default","site-sidebar-style":"default","ast-global-header-display":"","ast-banner-title-visibility":"","ast-main-header-display":"","ast-hfb-above-header-display":"","ast-hfb-below-header-display":"","ast-hfb-mobile-header-display":"","site-post-title":"","ast-breadcrumbs-content":"","ast-featured-img":"","footer-sml-layout":"","theme-transparent-header-meta":"default","adv-header-id-meta":"","stick-header-meta":"","header-above-stick-meta":"","header-main-stick-meta":"","header-below-stick-meta":"","astra-migrate-meta-layouts":"set","ast-page-background-enabled":"default","ast-page-background-meta":{"desktop":{"background-color":"var(--ast-global-color-4)","background-image":"","background-repeat":"repeat","background-position":"center center","background-size":"auto","background-attachment":"scroll","background-type":"","background-media":"","overlay-type":"","overlay-color":"","overlay-opacity":"","overlay-gradient":""},"tablet":{"background-color":"","background-image":"","background-repeat":"repeat","background-position":"center center","background-size":"auto","background-attachment":"scroll","background-type":"","background-media":"","overlay-type":"","overlay-color":"","overlay-opacity":"","overlay-gradient":""},"mobile":{"background-color":"","background-image":"","background-repeat":"repeat","background-position":"center center","background-size":"auto","background-attachment":"scroll","background-type":"","background-media":"","overlay-type":"","overlay-color":"","overlay-opacity":"","overlay-gradient":""}},"ast-content-background-meta":{"desktop":{"background-color":"var(--ast-global-color-5)","background-image":"","background-repeat":"repeat","background-position":"center center","background-size":"auto","background-attachment":"scroll","background-type":"","background-media":"","overlay-type":"","overlay-color":"","overlay-opacity":"","overlay-gradient":""},"tablet":{"background-color":"var(--ast-global-color-5)","background-image":"","background-repeat":"repeat","background-position":"center center","background-size":"auto","background-attachment":"scroll","background-type":"","background-media":"","overlay-type":"","overlay-color":"","overlay-opacity":"","overlay-gradient":""},"mobile":{"background-color":"var(--ast-global-color-5)","background-image":"","background-repeat":"repeat","background-position":"center center","background-size":"auto","background-attachment":"scroll","background-type":"","background-media":"","overlay-type":"","overlay-color":"","overlay-opacity":"","overlay-gradient":""}}},"product_brand":[],"product_cat":[22],"product_tag":[],"class_list":{"0":"post-245","1":"product","2":"type-product","3":"status-publish","4":"has-post-thumbnail","6":"product_cat-collares","7":"desktop-align-center","8":"tablet-align-left","9":"mobile-align-left","11":"first","12":"outofstock","13":"taxable","14":"shipping-taxable","15":"purchasable","16":"product-type-simple"},"uagb_featured_image_src":{"full":["https:\/\/delafuentestudio.com\/wp-content\/uploads\/2023\/03\/delafuente-1.jpg",822,822,false],"thumbnail":["https:\/\/delafuentestudio.com\/wp-content\/uploads\/2023\/03\/delafuente-1-150x150.jpg",150,150,true],"medium":["https:\/\/delafuentestudio.com\/wp-content\/uploads\/2023\/03\/delafuente-1-300x300.jpg",300,300,true],"medium_large":["https:\/\/delafuentestudio.com\/wp-content\/uploads\/2023\/03\/delafuente-1-768x768.jpg",768,768,true],"large":["https:\/\/delafuentestudio.com\/wp-content\/uploads\/2023\/03\/delafuente-1.jpg",822,822,false],"1536x1536":["https:\/\/delafuentestudio.com\/wp-content\/uploads\/2023\/03\/delafuente-1.jpg",822,822,false],"2048x2048":["https:\/\/delafuentestudio.com\/wp-content\/uploads\/2023\/03\/delafuente-1.jpg",822,822,false],"woocommerce_thumbnail":["https:\/\/delafuentestudio.com\/wp-content\/uploads\/2023\/03\/delafuente-1-300x300.jpg",300,300,true],"woocommerce_single":["https:\/\/delafuentestudio.com\/wp-content\/uploads\/2023\/03\/delafuente-1-600x600.jpg",600,600,true],"woocommerce_gallery_thumbnail":["https:\/\/delafuentestudio.com\/wp-content\/uploads\/2023\/03\/delafuente-1-100x100.jpg",100,100,true]},"uagb_author_info":{"display_name":"delafuentestudio.info","author_link":"https:\/\/delafuentestudio.com\/index.php\/author\/"},"uagb_comment_info":0,"uagb_excerpt":"DELAFUENTE, amante de la cultura Egipcia, me regal\u00f3 hace a\u00f1os un precioso Usej que adquiri\u00f3 en Khan El-Kalili, el mercado m\u00e1s famoso de Oriente Medio. Usej significa *ancho* en Egipcio,\u00a0 y hace referencia a los collares que utilizaba la nobleza como Talism\u00e1n. Siempre lo he tenido guardado *como un tesoro*,\u00a0 ahora lo he recreado&#8230; Detalles&hellip;","jetpack_sharing_enabled":true,"_links":{"self":[{"href":"https:\/\/delafuentestudio.com\/index.php\/wp-json\/wp\/v2\/product\/245","targetHints":{"allow":["GET"]}}],"collection":[{"href":"https:\/\/delafuentestudio.com\/index.php\/wp-json\/wp\/v2\/product"}],"about":[{"href":"https:\/\/delafuentestudio.com\/index.php\/wp-json\/wp\/v2\/types\/product"}],"version-history":[{"count":8,"href":"https:\/\/delafuentestudio.com\/index.php\/wp-json\/wp\/v2\/product\/245\/revisions"}],"predecessor-version":[{"id":1283,"href":"https:\/\/delafuentestudio.com\/index.php\/wp-json\/wp\/v2\/product\/245\/revisions\/1283"}],"wp:featuredmedia":[{"embeddable":true,"href":"https:\/\/delafuentestudio.com\/index.php\/wp-json\/wp\/v2\/media\/1284"}],"wp:attachment":[{"href":"https:\/\/delafuentestudio.com\/index.php\/wp-json\/wp\/v2\/media?parent=245"}],"wp:term":[{"taxonomy":"product_brand","embeddable":true,"href":"https:\/\/delafuentestudio.com\/index.php\/wp-json\/wp\/v2\/product_brand?post=245"},{"taxonomy":"product_cat","embeddable":true,"href":"https:\/\/delafuentestudio.com\/index.php\/wp-json\/wp\/v2\/product_cat?post=245"},{"taxonomy":"product_tag","embeddable":true,"href":"https:\/\/delafuentestudio.com\/index.php\/wp-json\/wp\/v2\/product_tag?post=245"}],"curies":[{"name":"wp","href":"https:\/\/api.w.org\/{rel}","templated":true}]}}