{"id":238,"date":"2023-03-06T23:01:10","date_gmt":"2023-03-06T23:01:10","guid":{"rendered":"https:\/\/delafuentestudio.com\/?post_type=product&#038;p=238"},"modified":"2024-07-20T09:35:17","modified_gmt":"2024-07-20T09:35:17","slug":"choker-dalia","status":"publish","type":"product","link":"https:\/\/delafuentestudio.com\/index.php\/producto\/choker-dalia\/","title":{"rendered":"CHOKER DALIA"},"content":{"rendered":"<p style=\"text-align: left;\">El significado de la Dalia en el lenguaje de las flores ha sobrevivido hasta<br \/>\nnuestros d\u00edas, por lo que cuando regalas una Dalia esta flor expresa cari\u00f1o,<br \/>\ncompromiso y fidelidad.<br \/>\nLa flor del amor en un choker semirr\u00edgido que no pasar\u00e1 inadvertido.<\/p>\n<p>Detalles<\/p>\n<ul>\n<li>Material: Plata de Ley con ba\u00f1o de Oro de 24 quilates<\/li>\n<li>Medidas: 31 cm de contorno de cuello<\/li>\n<li>Medidas Dalia: 5,5cm x 5,5 cm<\/li>\n<\/ul>\n<p>Fabricaci\u00f3n<\/p>\n<ul>\n<li>Esta pieza es un Dise\u00f1o exclusivo de Delafuente<\/li>\n<li>Hecho en Almer\u00eda.<\/li>\n<\/ul>\n<p><a href=\"https:\/\/delafuentestudio.com\/index.php\/limpieza-y-cuidados\/\">LIMPIEZA Y CUIDADOS<\/a><\/p>\n<p><a href=\"https:\/\/delafuentestudio.com\/index.php\/guia-de-tallas\/\">GUIA DE TALLAS<\/a><\/p>\n","protected":false},"excerpt":{"rendered":"<p>El significado de la Dalia en el lenguaje de las flores ha sobrevivido hasta nuestros d\u00edas, por lo que cuando regalas una Dalia esta flor expresa cari\u00f1o, compromiso y fidelidad. La flor del amor en un choker semirr\u00edgido que no pasar\u00e1 inadvertido. Detalles Material: Plata de Ley con ba\u00f1o de Oro de 24 quilates Medidas: [&hellip;]<\/p>\n","protected":false},"featured_media":308,"template":"","meta":{"_uag_custom_page_level_css":"","site-sidebar-layout":"default","site-content-layout":"default","ast-site-content-layout":"default","site-content-style":"default","site-sidebar-style":"default","ast-global-header-display":"","ast-banner-title-visibility":"","ast-main-header-display":"","ast-hfb-above-header-display":"","ast-hfb-below-header-display":"","ast-hfb-mobile-header-display":"","site-post-title":"","ast-breadcrumbs-content":"","ast-featured-img":"","footer-sml-layout":"","theme-transparent-header-meta":"default","adv-header-id-meta":"","stick-header-meta":"","header-above-stick-meta":"","header-main-stick-meta":"","header-below-stick-meta":"","astra-migrate-meta-layouts":"default","ast-page-background-enabled":"default","ast-page-background-meta":{"desktop":{"background-color":"var(--ast-global-color-4)","background-image":"","background-repeat":"repeat","background-position":"center center","background-size":"auto","background-attachment":"scroll","background-type":"","background-media":"","overlay-type":"","overlay-color":"","overlay-opacity":"","overlay-gradient":""},"tablet":{"background-color":"","background-image":"","background-repeat":"repeat","background-position":"center center","background-size":"auto","background-attachment":"scroll","background-type":"","background-media":"","overlay-type":"","overlay-color":"","overlay-opacity":"","overlay-gradient":""},"mobile":{"background-color":"","background-image":"","background-repeat":"repeat","background-position":"center center","background-size":"auto","background-attachment":"scroll","background-type":"","background-media":"","overlay-type":"","overlay-color":"","overlay-opacity":"","overlay-gradient":""}},"ast-content-background-meta":{"desktop":{"background-color":"var(--ast-global-color-5)","background-image":"","background-repeat":"repeat","background-position":"center center","background-size":"auto","background-attachment":"scroll","background-type":"","background-media":"","overlay-type":"","overlay-color":"","overlay-opacity":"","overlay-gradient":""},"tablet":{"background-color":"var(--ast-global-color-5)","background-image":"","background-repeat":"repeat","background-position":"center center","background-size":"auto","background-attachment":"scroll","background-type":"","background-media":"","overlay-type":"","overlay-color":"","overlay-opacity":"","overlay-gradient":""},"mobile":{"background-color":"var(--ast-global-color-5)","background-image":"","background-repeat":"repeat","background-position":"center center","background-size":"auto","background-attachment":"scroll","background-type":"","background-media":"","overlay-type":"","overlay-color":"","overlay-opacity":"","overlay-gradient":""}}},"product_brand":[],"product_cat":[22],"product_tag":[],"class_list":{"0":"post-238","1":"product","2":"type-product","3":"status-publish","4":"has-post-thumbnail","6":"product_cat-collares","7":"desktop-align-center","8":"tablet-align-left","9":"mobile-align-left","11":"first","12":"outofstock","13":"taxable","14":"shipping-taxable","15":"purchasable","16":"product-type-simple"},"uagb_featured_image_src":{"full":["https:\/\/delafuentestudio.com\/wp-content\/uploads\/2023\/03\/14.jpg",2016,1512,false],"thumbnail":["https:\/\/delafuentestudio.com\/wp-content\/uploads\/2023\/03\/14-150x150.jpg",150,150,true],"medium":["https:\/\/delafuentestudio.com\/wp-content\/uploads\/2023\/03\/14-300x225.jpg",300,225,true],"medium_large":["https:\/\/delafuentestudio.com\/wp-content\/uploads\/2023\/03\/14-768x576.jpg",768,576,true],"large":["https:\/\/delafuentestudio.com\/wp-content\/uploads\/2023\/03\/14-1024x768.jpg",1024,768,true],"1536x1536":["https:\/\/delafuentestudio.com\/wp-content\/uploads\/2023\/03\/14-1536x1152.jpg",1536,1152,true],"2048x2048":["https:\/\/delafuentestudio.com\/wp-content\/uploads\/2023\/03\/14.jpg",2016,1512,false],"woocommerce_thumbnail":["https:\/\/delafuentestudio.com\/wp-content\/uploads\/2023\/03\/14-300x300.jpg",300,300,true],"woocommerce_single":["https:\/\/delafuentestudio.com\/wp-content\/uploads\/2023\/03\/14-600x450.jpg",600,450,true],"woocommerce_gallery_thumbnail":["https:\/\/delafuentestudio.com\/wp-content\/uploads\/2023\/03\/14-100x100.jpg",100,100,true]},"uagb_author_info":{"display_name":"delafuentestudio.info","author_link":"https:\/\/delafuentestudio.com\/index.php\/author\/"},"uagb_comment_info":0,"uagb_excerpt":"El significado de la Dalia en el lenguaje de las flores ha sobrevivido hasta nuestros d\u00edas, por lo que cuando regalas una Dalia esta flor expresa cari\u00f1o, compromiso y fidelidad. La flor del amor en un choker semirr\u00edgido que no pasar\u00e1 inadvertido. Detalles Material: Plata de Ley con ba\u00f1o de Oro de 24 quilates Medidas:&hellip;","jetpack_sharing_enabled":true,"_links":{"self":[{"href":"https:\/\/delafuentestudio.com\/index.php\/wp-json\/wp\/v2\/product\/238","targetHints":{"allow":["GET"]}}],"collection":[{"href":"https:\/\/delafuentestudio.com\/index.php\/wp-json\/wp\/v2\/product"}],"about":[{"href":"https:\/\/delafuentestudio.com\/index.php\/wp-json\/wp\/v2\/types\/product"}],"version-history":[{"count":3,"href":"https:\/\/delafuentestudio.com\/index.php\/wp-json\/wp\/v2\/product\/238\/revisions"}],"predecessor-version":[{"id":1014,"href":"https:\/\/delafuentestudio.com\/index.php\/wp-json\/wp\/v2\/product\/238\/revisions\/1014"}],"wp:featuredmedia":[{"embeddable":true,"href":"https:\/\/delafuentestudio.com\/index.php\/wp-json\/wp\/v2\/media\/308"}],"wp:attachment":[{"href":"https:\/\/delafuentestudio.com\/index.php\/wp-json\/wp\/v2\/media?parent=238"}],"wp:term":[{"taxonomy":"product_brand","embeddable":true,"href":"https:\/\/delafuentestudio.com\/index.php\/wp-json\/wp\/v2\/product_brand?post=238"},{"taxonomy":"product_cat","embeddable":true,"href":"https:\/\/delafuentestudio.com\/index.php\/wp-json\/wp\/v2\/product_cat?post=238"},{"taxonomy":"product_tag","embeddable":true,"href":"https:\/\/delafuentestudio.com\/index.php\/wp-json\/wp\/v2\/product_tag?post=238"}],"curies":[{"name":"wp","href":"https:\/\/api.w.org\/{rel}","templated":true}]}}