{"id":1633,"date":"2025-07-10T08:41:05","date_gmt":"2025-07-10T08:41:05","guid":{"rendered":"https:\/\/delafuentestudio.com\/?post_type=product&#038;p=1633"},"modified":"2026-02-14T18:29:03","modified_gmt":"2026-02-14T18:29:03","slug":"collar-indal-eccius","status":"publish","type":"product","link":"https:\/\/delafuentestudio.com\/index.php\/producto\/collar-indal-eccius\/","title":{"rendered":"COLLAR INDAL ECCIUS"},"content":{"rendered":"<p>Como muchos sab\u00e9is, talism\u00e1n de buena suerte y s\u00edmbolo protector que, dicho sea de paso, se considera que da m\u00e1s suerte cuando se regala a otra persona!!!<\/p>\n<p>Para los Almerienses, no necesita presentaci\u00f3n, es CASA.<\/p>\n<p>Nuestro ic\u00f3nico s\u00edmbolo, ahora con alma DELAFUENTE\u00a0 en un collar trabajado artesanalmente en Plata de Ley en nuestro taller en Almer\u00eda!!!<\/p>\n<p>&nbsp;<\/p>\n<p>Detalles<\/p>\n<ul>\n<li>Material: Plata de Ley con ba\u00f1o de Oro Amarillo de 24 quilates, perlas de agua dulce y cristal de Swarovski.<\/li>\n<li>Medidas: 37.5 cm de contorno de cuello m\u00e1s 5 cm de alargador<\/li>\n<li>Medidas Indal Eccius: 2 cm x 2,2 cm<\/li>\n<\/ul>\n<p>Fabricaci\u00f3n:<\/p>\n<ul>\n<li>Esta pieza es un Dise\u00f1o exclusivo de Delafuente<\/li>\n<li>Hecho en Almer\u00eda.<\/li>\n<\/ul>\n<p><a href=\"https:\/\/delafuentestudio.com\/index.php\/limpieza-y-cuidados\/\">LIMPIEZA Y CUIDADOS<\/a><\/p>\n<p><a href=\"https:\/\/delafuentestudio.com\/index.php\/guia-de-tallas\/\">GUIA DE TALLAS<\/a><\/p>\n","protected":false},"excerpt":{"rendered":"<p>Como muchos sab\u00e9is, talism\u00e1n de buena suerte y s\u00edmbolo protector que, dicho sea de paso, se considera que da m\u00e1s suerte cuando se regala a otra persona!!! Para los Almerienses, no necesita presentaci\u00f3n, es CASA. Nuestro ic\u00f3nico s\u00edmbolo, ahora con alma DELAFUENTE\u00a0 en un collar trabajado artesanalmente en Plata de Ley en nuestro taller en [&hellip;]<\/p>\n","protected":false},"featured_media":1706,"template":"","meta":{"_uag_custom_page_level_css":"","site-sidebar-layout":"default","site-content-layout":"default","ast-site-content-layout":"default","site-content-style":"default","site-sidebar-style":"default","ast-global-header-display":"","ast-banner-title-visibility":"","ast-main-header-display":"","ast-hfb-above-header-display":"","ast-hfb-below-header-display":"","ast-hfb-mobile-header-display":"","site-post-title":"","ast-breadcrumbs-content":"","ast-featured-img":"","footer-sml-layout":"","theme-transparent-header-meta":"default","adv-header-id-meta":"","stick-header-meta":"","header-above-stick-meta":"","header-main-stick-meta":"","header-below-stick-meta":"","astra-migrate-meta-layouts":"set","ast-page-background-enabled":"default","ast-page-background-meta":{"desktop":{"background-color":"var(--ast-global-color-4)","background-image":"","background-repeat":"repeat","background-position":"center center","background-size":"auto","background-attachment":"scroll","background-type":"","background-media":"","overlay-type":"","overlay-color":"","overlay-opacity":"","overlay-gradient":""},"tablet":{"background-color":"","background-image":"","background-repeat":"repeat","background-position":"center center","background-size":"auto","background-attachment":"scroll","background-type":"","background-media":"","overlay-type":"","overlay-color":"","overlay-opacity":"","overlay-gradient":""},"mobile":{"background-color":"","background-image":"","background-repeat":"repeat","background-position":"center center","background-size":"auto","background-attachment":"scroll","background-type":"","background-media":"","overlay-type":"","overlay-color":"","overlay-opacity":"","overlay-gradient":""}},"ast-content-background-meta":{"desktop":{"background-color":"var(--ast-global-color-5)","background-image":"","background-repeat":"repeat","background-position":"center center","background-size":"auto","background-attachment":"scroll","background-type":"","background-media":"","overlay-type":"","overlay-color":"","overlay-opacity":"","overlay-gradient":""},"tablet":{"background-color":"var(--ast-global-color-5)","background-image":"","background-repeat":"repeat","background-position":"center center","background-size":"auto","background-attachment":"scroll","background-type":"","background-media":"","overlay-type":"","overlay-color":"","overlay-opacity":"","overlay-gradient":""},"mobile":{"background-color":"var(--ast-global-color-5)","background-image":"","background-repeat":"repeat","background-position":"center center","background-size":"auto","background-attachment":"scroll","background-type":"","background-media":"","overlay-type":"","overlay-color":"","overlay-opacity":"","overlay-gradient":""}}},"product_brand":[],"product_cat":[22],"product_tag":[],"class_list":{"0":"post-1633","1":"product","2":"type-product","3":"status-publish","4":"has-post-thumbnail","6":"product_cat-collares","7":"desktop-align-center","8":"tablet-align-left","9":"mobile-align-left","11":"first","12":"instock","13":"taxable","14":"shipping-taxable","15":"purchasable","16":"product-type-simple"},"uagb_featured_image_src":{"full":["https:\/\/delafuentestudio.com\/wp-content\/uploads\/2025\/07\/indalo-fondo-blanco-scaled.jpg",1810,2560,false],"thumbnail":["https:\/\/delafuentestudio.com\/wp-content\/uploads\/2025\/07\/indalo-fondo-blanco-150x150.jpg",150,150,true],"medium":["https:\/\/delafuentestudio.com\/wp-content\/uploads\/2025\/07\/indalo-fondo-blanco-212x300.jpg",212,300,true],"medium_large":["https:\/\/delafuentestudio.com\/wp-content\/uploads\/2025\/07\/indalo-fondo-blanco-768x1086.jpg",768,1086,true],"large":["https:\/\/delafuentestudio.com\/wp-content\/uploads\/2025\/07\/indalo-fondo-blanco-724x1024.jpg",724,1024,true],"1536x1536":["https:\/\/delafuentestudio.com\/wp-content\/uploads\/2025\/07\/indalo-fondo-blanco-1086x1536.jpg",1086,1536,true],"2048x2048":["https:\/\/delafuentestudio.com\/wp-content\/uploads\/2025\/07\/indalo-fondo-blanco-1448x2048.jpg",1448,2048,true],"woocommerce_thumbnail":["https:\/\/delafuentestudio.com\/wp-content\/uploads\/2025\/07\/indalo-fondo-blanco-300x300.jpg",300,300,true],"woocommerce_single":["https:\/\/delafuentestudio.com\/wp-content\/uploads\/2025\/07\/indalo-fondo-blanco-600x849.jpg",600,849,true],"woocommerce_gallery_thumbnail":["https:\/\/delafuentestudio.com\/wp-content\/uploads\/2025\/07\/indalo-fondo-blanco-100x100.jpg",100,100,true]},"uagb_author_info":{"display_name":"delafuentestudio.info","author_link":"https:\/\/delafuentestudio.com\/index.php\/author\/"},"uagb_comment_info":0,"uagb_excerpt":"Como muchos sab\u00e9is, talism\u00e1n de buena suerte y s\u00edmbolo protector que, dicho sea de paso, se considera que da m\u00e1s suerte cuando se regala a otra persona!!! Para los Almerienses, no necesita presentaci\u00f3n, es CASA. Nuestro ic\u00f3nico s\u00edmbolo, ahora con alma DELAFUENTE\u00a0 en un collar trabajado artesanalmente en Plata de Ley en nuestro taller en&hellip;","jetpack_sharing_enabled":true,"_links":{"self":[{"href":"https:\/\/delafuentestudio.com\/index.php\/wp-json\/wp\/v2\/product\/1633","targetHints":{"allow":["GET"]}}],"collection":[{"href":"https:\/\/delafuentestudio.com\/index.php\/wp-json\/wp\/v2\/product"}],"about":[{"href":"https:\/\/delafuentestudio.com\/index.php\/wp-json\/wp\/v2\/types\/product"}],"version-history":[{"count":3,"href":"https:\/\/delafuentestudio.com\/index.php\/wp-json\/wp\/v2\/product\/1633\/revisions"}],"predecessor-version":[{"id":1638,"href":"https:\/\/delafuentestudio.com\/index.php\/wp-json\/wp\/v2\/product\/1633\/revisions\/1638"}],"wp:featuredmedia":[{"embeddable":true,"href":"https:\/\/delafuentestudio.com\/index.php\/wp-json\/wp\/v2\/media\/1706"}],"wp:attachment":[{"href":"https:\/\/delafuentestudio.com\/index.php\/wp-json\/wp\/v2\/media?parent=1633"}],"wp:term":[{"taxonomy":"product_brand","embeddable":true,"href":"https:\/\/delafuentestudio.com\/index.php\/wp-json\/wp\/v2\/product_brand?post=1633"},{"taxonomy":"product_cat","embeddable":true,"href":"https:\/\/delafuentestudio.com\/index.php\/wp-json\/wp\/v2\/product_cat?post=1633"},{"taxonomy":"product_tag","embeddable":true,"href":"https:\/\/delafuentestudio.com\/index.php\/wp-json\/wp\/v2\/product_tag?post=1633"}],"curies":[{"name":"wp","href":"https:\/\/api.w.org\/{rel}","templated":true}]}}