{"id":1590,"date":"2025-04-26T19:51:24","date_gmt":"2025-04-26T19:51:24","guid":{"rendered":"https:\/\/delafuentestudio.com\/?post_type=product&#038;p=1590"},"modified":"2025-12-09T11:11:33","modified_gmt":"2025-12-09T11:11:33","slug":"pendiente-geminis","status":"publish","type":"product","link":"https:\/\/delafuentestudio.com\/index.php\/producto\/pendiente-geminis\/","title":{"rendered":"PENDIENTE G\u00c9MINIS"},"content":{"rendered":"<p>*** Las almas gemelas de G\u00e9minis ***<\/p>\n<p>Una fragancia de emociones, capaces de llenar cualquier espacio, portadores de risas, fuertes pero fr\u00e1giles, curiosos y creativos, a veces inconstantes pero tambi\u00e9n perfeccionistas&#8230;<\/p>\n<p>As\u00ed es G\u00e9minis, en su bosque encantado&#8230;Se dice de ellos que el mundo necesita m\u00e1s de su luz!<\/p>\n<p>Perlas y cristales modelados a mano con hilo de oro, el equilibrio perfecto de la asimetr\u00eda en un pendiente tan divertido como elegante!<\/p>\n<p>&nbsp;<\/p>\n<p>Detalles<\/p>\n<ul>\n<li>Material: Media bola de 6mm de plata ba\u00f1ada en oro amarillo con colgante de perlas y cristal modelados con hilo de oro amarillo laminado de 24 quilates<\/li>\n<li>Sistema de cierre: presi\u00f3n de mariposa<\/li>\n<li>Medidas largo: 11 cm<\/li>\n<\/ul>\n<p>Fabricaci\u00f3n:<\/p>\n<ul>\n<li>Esta pieza es un Dise\u00f1o exclusivo de Delafuente<\/li>\n<li>Hecho en Almer\u00eda.<\/li>\n<\/ul>\n<p><a href=\"https:\/\/delafuentestudio.com\/index.php\/limpieza-y-cuidados\/\">LIMPIEZA Y CUIDADOS<\/a><\/p>\n","protected":false},"excerpt":{"rendered":"<p>*** Las almas gemelas de G\u00e9minis *** Una fragancia de emociones, capaces de llenar cualquier espacio, portadores de risas, fuertes pero fr\u00e1giles, curiosos y creativos, a veces inconstantes pero tambi\u00e9n perfeccionistas&#8230; As\u00ed es G\u00e9minis, en su bosque encantado&#8230;Se dice de ellos que el mundo necesita m\u00e1s de su luz! Perlas y cristales modelados a mano [&hellip;]<\/p>\n","protected":false},"featured_media":1598,"template":"","meta":{"_uag_custom_page_level_css":"","site-sidebar-layout":"default","site-content-layout":"default","ast-site-content-layout":"default","site-content-style":"default","site-sidebar-style":"default","ast-global-header-display":"","ast-banner-title-visibility":"","ast-main-header-display":"","ast-hfb-above-header-display":"","ast-hfb-below-header-display":"","ast-hfb-mobile-header-display":"","site-post-title":"","ast-breadcrumbs-content":"","ast-featured-img":"","footer-sml-layout":"","theme-transparent-header-meta":"default","adv-header-id-meta":"","stick-header-meta":"","header-above-stick-meta":"","header-main-stick-meta":"","header-below-stick-meta":"","astra-migrate-meta-layouts":"set","ast-page-background-enabled":"default","ast-page-background-meta":{"desktop":{"background-color":"var(--ast-global-color-4)","background-image":"","background-repeat":"repeat","background-position":"center center","background-size":"auto","background-attachment":"scroll","background-type":"","background-media":"","overlay-type":"","overlay-color":"","overlay-opacity":"","overlay-gradient":""},"tablet":{"background-color":"","background-image":"","background-repeat":"repeat","background-position":"center center","background-size":"auto","background-attachment":"scroll","background-type":"","background-media":"","overlay-type":"","overlay-color":"","overlay-opacity":"","overlay-gradient":""},"mobile":{"background-color":"","background-image":"","background-repeat":"repeat","background-position":"center center","background-size":"auto","background-attachment":"scroll","background-type":"","background-media":"","overlay-type":"","overlay-color":"","overlay-opacity":"","overlay-gradient":""}},"ast-content-background-meta":{"desktop":{"background-color":"var(--ast-global-color-5)","background-image":"","background-repeat":"repeat","background-position":"center center","background-size":"auto","background-attachment":"scroll","background-type":"","background-media":"","overlay-type":"","overlay-color":"","overlay-opacity":"","overlay-gradient":""},"tablet":{"background-color":"var(--ast-global-color-5)","background-image":"","background-repeat":"repeat","background-position":"center center","background-size":"auto","background-attachment":"scroll","background-type":"","background-media":"","overlay-type":"","overlay-color":"","overlay-opacity":"","overlay-gradient":""},"mobile":{"background-color":"var(--ast-global-color-5)","background-image":"","background-repeat":"repeat","background-position":"center center","background-size":"auto","background-attachment":"scroll","background-type":"","background-media":"","overlay-type":"","overlay-color":"","overlay-opacity":"","overlay-gradient":""}}},"product_brand":[],"product_cat":[24],"product_tag":[],"class_list":{"0":"post-1590","1":"product","2":"type-product","3":"status-publish","4":"has-post-thumbnail","6":"product_cat-pendientes","7":"desktop-align-center","8":"tablet-align-left","9":"mobile-align-left","11":"first","12":"instock","13":"taxable","14":"shipping-taxable","15":"purchasable","16":"product-type-simple"},"uagb_featured_image_src":{"full":["https:\/\/delafuentestudio.com\/wp-content\/uploads\/2025\/04\/pte-geminis-web-02-scaled.jpg",1810,2560,false],"thumbnail":["https:\/\/delafuentestudio.com\/wp-content\/uploads\/2025\/04\/pte-geminis-web-02-150x150.jpg",150,150,true],"medium":["https:\/\/delafuentestudio.com\/wp-content\/uploads\/2025\/04\/pte-geminis-web-02-212x300.jpg",212,300,true],"medium_large":["https:\/\/delafuentestudio.com\/wp-content\/uploads\/2025\/04\/pte-geminis-web-02-768x1086.jpg",768,1086,true],"large":["https:\/\/delafuentestudio.com\/wp-content\/uploads\/2025\/04\/pte-geminis-web-02-724x1024.jpg",724,1024,true],"1536x1536":["https:\/\/delafuentestudio.com\/wp-content\/uploads\/2025\/04\/pte-geminis-web-02-1086x1536.jpg",1086,1536,true],"2048x2048":["https:\/\/delafuentestudio.com\/wp-content\/uploads\/2025\/04\/pte-geminis-web-02-1448x2048.jpg",1448,2048,true],"woocommerce_thumbnail":["https:\/\/delafuentestudio.com\/wp-content\/uploads\/2025\/04\/pte-geminis-web-02-300x300.jpg",300,300,true],"woocommerce_single":["https:\/\/delafuentestudio.com\/wp-content\/uploads\/2025\/04\/pte-geminis-web-02-600x849.jpg",600,849,true],"woocommerce_gallery_thumbnail":["https:\/\/delafuentestudio.com\/wp-content\/uploads\/2025\/04\/pte-geminis-web-02-100x100.jpg",100,100,true]},"uagb_author_info":{"display_name":"delafuentestudio.info","author_link":"https:\/\/delafuentestudio.com\/index.php\/author\/"},"uagb_comment_info":0,"uagb_excerpt":"*** Las almas gemelas de G\u00e9minis *** Una fragancia de emociones, capaces de llenar cualquier espacio, portadores de risas, fuertes pero fr\u00e1giles, curiosos y creativos, a veces inconstantes pero tambi\u00e9n perfeccionistas&#8230; As\u00ed es G\u00e9minis, en su bosque encantado&#8230;Se dice de ellos que el mundo necesita m\u00e1s de su luz! Perlas y cristales modelados a mano&hellip;","jetpack_sharing_enabled":true,"_links":{"self":[{"href":"https:\/\/delafuentestudio.com\/index.php\/wp-json\/wp\/v2\/product\/1590","targetHints":{"allow":["GET"]}}],"collection":[{"href":"https:\/\/delafuentestudio.com\/index.php\/wp-json\/wp\/v2\/product"}],"about":[{"href":"https:\/\/delafuentestudio.com\/index.php\/wp-json\/wp\/v2\/types\/product"}],"version-history":[{"count":4,"href":"https:\/\/delafuentestudio.com\/index.php\/wp-json\/wp\/v2\/product\/1590\/revisions"}],"predecessor-version":[{"id":1597,"href":"https:\/\/delafuentestudio.com\/index.php\/wp-json\/wp\/v2\/product\/1590\/revisions\/1597"}],"wp:featuredmedia":[{"embeddable":true,"href":"https:\/\/delafuentestudio.com\/index.php\/wp-json\/wp\/v2\/media\/1598"}],"wp:attachment":[{"href":"https:\/\/delafuentestudio.com\/index.php\/wp-json\/wp\/v2\/media?parent=1590"}],"wp:term":[{"taxonomy":"product_brand","embeddable":true,"href":"https:\/\/delafuentestudio.com\/index.php\/wp-json\/wp\/v2\/product_brand?post=1590"},{"taxonomy":"product_cat","embeddable":true,"href":"https:\/\/delafuentestudio.com\/index.php\/wp-json\/wp\/v2\/product_cat?post=1590"},{"taxonomy":"product_tag","embeddable":true,"href":"https:\/\/delafuentestudio.com\/index.php\/wp-json\/wp\/v2\/product_tag?post=1590"}],"curies":[{"name":"wp","href":"https:\/\/api.w.org\/{rel}","templated":true}]}}