{"id":1571,"date":"2025-03-20T11:58:24","date_gmt":"2025-03-20T11:58:24","guid":{"rendered":"https:\/\/delafuentestudio.com\/?post_type=product&#038;p=1571"},"modified":"2026-01-03T11:13:24","modified_gmt":"2026-01-03T11:13:24","slug":"pendiente-mini-dalia","status":"publish","type":"product","link":"https:\/\/delafuentestudio.com\/index.php\/producto\/pendiente-mini-dalia\/","title":{"rendered":"PENDIENTE MINI DALIA"},"content":{"rendered":"<p>Conocida como la flor de la elegancia y el amor ,la Dalia lleg\u00f3 a Espa\u00f1a a finales del S.XVIII y su significado, en el lenguaje de las flores, se mantiene intacto.<\/p>\n<p>Su impactante belleza la posiciona como una de las flores m\u00e1s regaladas, expresando as\u00ed cari\u00f1o, compromiso y fidelidad.<\/p>\n<p>Detalles:<\/p>\n<ul>\n<li>Material: Plata de Ley con ba\u00f1o de Oro de 24 quilates<\/li>\n<li>Sistema de cierre: presi\u00f3n de mariposa<\/li>\n<li>Medidas Dalia: 3,5 cm de largo x 3.5 cm de ancho<\/li>\n<\/ul>\n<p>Fabricaci\u00f3n:<\/p>\n<ul>\n<li>Esta pieza es un Dise\u00f1o exclusivo de Delafuente<\/li>\n<li>Hecho en Almer\u00eda.<\/li>\n<\/ul>\n<p><a href=\"https:\/\/delafuentestudio.com\/index.php\/limpieza-y-cuidados\/\">LIMPIEZA Y CUIDADOS<\/a><\/p>\n<p>&nbsp;<\/p>\n","protected":false},"excerpt":{"rendered":"<p>Conocida como la flor de la elegancia y el amor ,la Dalia lleg\u00f3 a Espa\u00f1a a finales del S.XVIII y su significado, en el lenguaje de las flores, se mantiene intacto. Su impactante belleza la posiciona como una de las flores m\u00e1s regaladas, expresando as\u00ed cari\u00f1o, compromiso y fidelidad. Detalles: Material: Plata de Ley con [&hellip;]<\/p>\n","protected":false},"featured_media":1572,"template":"","meta":{"_uag_custom_page_level_css":"","site-sidebar-layout":"default","site-content-layout":"default","ast-site-content-layout":"default","site-content-style":"default","site-sidebar-style":"default","ast-global-header-display":"","ast-banner-title-visibility":"","ast-main-header-display":"","ast-hfb-above-header-display":"","ast-hfb-below-header-display":"","ast-hfb-mobile-header-display":"","site-post-title":"","ast-breadcrumbs-content":"","ast-featured-img":"","footer-sml-layout":"","theme-transparent-header-meta":"default","adv-header-id-meta":"","stick-header-meta":"","header-above-stick-meta":"","header-main-stick-meta":"","header-below-stick-meta":"","astra-migrate-meta-layouts":"set","ast-page-background-enabled":"default","ast-page-background-meta":{"desktop":{"background-color":"var(--ast-global-color-4)","background-image":"","background-repeat":"repeat","background-position":"center center","background-size":"auto","background-attachment":"scroll","background-type":"","background-media":"","overlay-type":"","overlay-color":"","overlay-opacity":"","overlay-gradient":""},"tablet":{"background-color":"","background-image":"","background-repeat":"repeat","background-position":"center center","background-size":"auto","background-attachment":"scroll","background-type":"","background-media":"","overlay-type":"","overlay-color":"","overlay-opacity":"","overlay-gradient":""},"mobile":{"background-color":"","background-image":"","background-repeat":"repeat","background-position":"center center","background-size":"auto","background-attachment":"scroll","background-type":"","background-media":"","overlay-type":"","overlay-color":"","overlay-opacity":"","overlay-gradient":""}},"ast-content-background-meta":{"desktop":{"background-color":"var(--ast-global-color-5)","background-image":"","background-repeat":"repeat","background-position":"center center","background-size":"auto","background-attachment":"scroll","background-type":"","background-media":"","overlay-type":"","overlay-color":"","overlay-opacity":"","overlay-gradient":""},"tablet":{"background-color":"var(--ast-global-color-5)","background-image":"","background-repeat":"repeat","background-position":"center center","background-size":"auto","background-attachment":"scroll","background-type":"","background-media":"","overlay-type":"","overlay-color":"","overlay-opacity":"","overlay-gradient":""},"mobile":{"background-color":"var(--ast-global-color-5)","background-image":"","background-repeat":"repeat","background-position":"center center","background-size":"auto","background-attachment":"scroll","background-type":"","background-media":"","overlay-type":"","overlay-color":"","overlay-opacity":"","overlay-gradient":""}}},"product_brand":[],"product_cat":[24],"product_tag":[],"class_list":{"0":"post-1571","1":"product","2":"type-product","3":"status-publish","4":"has-post-thumbnail","6":"product_cat-pendientes","7":"desktop-align-center","8":"tablet-align-left","9":"mobile-align-left","11":"first","12":"outofstock","13":"taxable","14":"shipping-taxable","15":"purchasable","16":"product-type-simple"},"uagb_featured_image_src":{"full":["https:\/\/delafuentestudio.com\/wp-content\/uploads\/2025\/03\/mini-dalia-scaled.jpg",2560,2348,false],"thumbnail":["https:\/\/delafuentestudio.com\/wp-content\/uploads\/2025\/03\/mini-dalia-150x150.jpg",150,150,true],"medium":["https:\/\/delafuentestudio.com\/wp-content\/uploads\/2025\/03\/mini-dalia-300x275.jpg",300,275,true],"medium_large":["https:\/\/delafuentestudio.com\/wp-content\/uploads\/2025\/03\/mini-dalia-768x704.jpg",768,704,true],"large":["https:\/\/delafuentestudio.com\/wp-content\/uploads\/2025\/03\/mini-dalia-1024x939.jpg",1024,939,true],"1536x1536":["https:\/\/delafuentestudio.com\/wp-content\/uploads\/2025\/03\/mini-dalia-1536x1409.jpg",1536,1409,true],"2048x2048":["https:\/\/delafuentestudio.com\/wp-content\/uploads\/2025\/03\/mini-dalia-2048x1878.jpg",2048,1878,true],"woocommerce_thumbnail":["https:\/\/delafuentestudio.com\/wp-content\/uploads\/2025\/03\/mini-dalia-300x300.jpg",300,300,true],"woocommerce_single":["https:\/\/delafuentestudio.com\/wp-content\/uploads\/2025\/03\/mini-dalia-600x550.jpg",600,550,true],"woocommerce_gallery_thumbnail":["https:\/\/delafuentestudio.com\/wp-content\/uploads\/2025\/03\/mini-dalia-100x100.jpg",100,100,true]},"uagb_author_info":{"display_name":"delafuentestudio.info","author_link":"https:\/\/delafuentestudio.com\/index.php\/author\/"},"uagb_comment_info":0,"uagb_excerpt":"Conocida como la flor de la elegancia y el amor ,la Dalia lleg\u00f3 a Espa\u00f1a a finales del S.XVIII y su significado, en el lenguaje de las flores, se mantiene intacto. Su impactante belleza la posiciona como una de las flores m\u00e1s regaladas, expresando as\u00ed cari\u00f1o, compromiso y fidelidad. Detalles: Material: Plata de Ley con&hellip;","jetpack_sharing_enabled":true,"_links":{"self":[{"href":"https:\/\/delafuentestudio.com\/index.php\/wp-json\/wp\/v2\/product\/1571","targetHints":{"allow":["GET"]}}],"collection":[{"href":"https:\/\/delafuentestudio.com\/index.php\/wp-json\/wp\/v2\/product"}],"about":[{"href":"https:\/\/delafuentestudio.com\/index.php\/wp-json\/wp\/v2\/types\/product"}],"version-history":[{"count":5,"href":"https:\/\/delafuentestudio.com\/index.php\/wp-json\/wp\/v2\/product\/1571\/revisions"}],"predecessor-version":[{"id":1579,"href":"https:\/\/delafuentestudio.com\/index.php\/wp-json\/wp\/v2\/product\/1571\/revisions\/1579"}],"wp:featuredmedia":[{"embeddable":true,"href":"https:\/\/delafuentestudio.com\/index.php\/wp-json\/wp\/v2\/media\/1572"}],"wp:attachment":[{"href":"https:\/\/delafuentestudio.com\/index.php\/wp-json\/wp\/v2\/media?parent=1571"}],"wp:term":[{"taxonomy":"product_brand","embeddable":true,"href":"https:\/\/delafuentestudio.com\/index.php\/wp-json\/wp\/v2\/product_brand?post=1571"},{"taxonomy":"product_cat","embeddable":true,"href":"https:\/\/delafuentestudio.com\/index.php\/wp-json\/wp\/v2\/product_cat?post=1571"},{"taxonomy":"product_tag","embeddable":true,"href":"https:\/\/delafuentestudio.com\/index.php\/wp-json\/wp\/v2\/product_tag?post=1571"}],"curies":[{"name":"wp","href":"https:\/\/api.w.org\/{rel}","templated":true}]}}