{"id":1534,"date":"2024-11-07T15:40:30","date_gmt":"2024-11-07T15:40:30","guid":{"rendered":"https:\/\/delafuentestudio.com\/?post_type=product&#038;p=1534"},"modified":"2025-08-01T11:13:25","modified_gmt":"2025-08-01T11:13:25","slug":"choker-perla-dormilona","status":"publish","type":"product","link":"https:\/\/delafuentestudio.com\/index.php\/producto\/choker-perla-dormilona\/","title":{"rendered":"CHOKER PERLA DORMILONA"},"content":{"rendered":"<p>***Nuestro choker m\u00e1s vers\u00e1til***<\/p>\n<p>Solo o combinado con cualquiera de nuestras piezas&#8230;<\/p>\n<p>Todos los d\u00edas o para una ocasi\u00f3n especial&#8230;<\/p>\n<p>Lo cierto es que aporta un plus!!!<\/p>\n<p>&nbsp;<\/p>\n<p>Detalles<\/p>\n<ul>\n<li>Material: Hilo de oro laminado de 24 quilates modelado con perlas de agua dulce.<\/li>\n<li>Medidas: 36,5 cm de contorno de cuello m\u00e1s 6 cm de alargador.<\/li>\n<li>Medidas perlas: 1.5cm x 0.8cm aproximadamente.<\/li>\n<\/ul>\n<p>Fabricaci\u00f3n:<\/p>\n<ul>\n<li>Esta pieza es un Dise\u00f1o exclusivo de Delafuente<\/li>\n<li>Hecho en Almer\u00eda.<\/li>\n<\/ul>\n<p><a href=\"https:\/\/delafuentestudio.com\/index.php\/limpieza-y-cuidados\/\">LIMPIEZA Y CUIDADOS<\/a><\/p>\n<p><a href=\"https:\/\/delafuentestudio.com\/index.php\/guia-de-tallas\/\">GUIA DE TALLAS<\/a><\/p>\n","protected":false},"excerpt":{"rendered":"<p>***Nuestro choker m\u00e1s vers\u00e1til*** Solo o combinado con cualquiera de nuestras piezas&#8230; Todos los d\u00edas o para una ocasi\u00f3n especial&#8230; Lo cierto es que aporta un plus!!! &nbsp; Detalles Material: Hilo de oro laminado de 24 quilates modelado con perlas de agua dulce. Medidas: 36,5 cm de contorno de cuello m\u00e1s 6 cm de alargador. [&hellip;]<\/p>\n","protected":false},"featured_media":1539,"template":"","meta":{"_uag_custom_page_level_css":"","site-sidebar-layout":"default","site-content-layout":"default","ast-site-content-layout":"default","site-content-style":"default","site-sidebar-style":"default","ast-global-header-display":"","ast-banner-title-visibility":"","ast-main-header-display":"","ast-hfb-above-header-display":"","ast-hfb-below-header-display":"","ast-hfb-mobile-header-display":"","site-post-title":"","ast-breadcrumbs-content":"","ast-featured-img":"","footer-sml-layout":"","theme-transparent-header-meta":"default","adv-header-id-meta":"","stick-header-meta":"","header-above-stick-meta":"","header-main-stick-meta":"","header-below-stick-meta":"","astra-migrate-meta-layouts":"set","ast-page-background-enabled":"default","ast-page-background-meta":{"desktop":{"background-color":"var(--ast-global-color-4)","background-image":"","background-repeat":"repeat","background-position":"center center","background-size":"auto","background-attachment":"scroll","background-type":"","background-media":"","overlay-type":"","overlay-color":"","overlay-opacity":"","overlay-gradient":""},"tablet":{"background-color":"","background-image":"","background-repeat":"repeat","background-position":"center center","background-size":"auto","background-attachment":"scroll","background-type":"","background-media":"","overlay-type":"","overlay-color":"","overlay-opacity":"","overlay-gradient":""},"mobile":{"background-color":"","background-image":"","background-repeat":"repeat","background-position":"center center","background-size":"auto","background-attachment":"scroll","background-type":"","background-media":"","overlay-type":"","overlay-color":"","overlay-opacity":"","overlay-gradient":""}},"ast-content-background-meta":{"desktop":{"background-color":"var(--ast-global-color-5)","background-image":"","background-repeat":"repeat","background-position":"center center","background-size":"auto","background-attachment":"scroll","background-type":"","background-media":"","overlay-type":"","overlay-color":"","overlay-opacity":"","overlay-gradient":""},"tablet":{"background-color":"var(--ast-global-color-5)","background-image":"","background-repeat":"repeat","background-position":"center center","background-size":"auto","background-attachment":"scroll","background-type":"","background-media":"","overlay-type":"","overlay-color":"","overlay-opacity":"","overlay-gradient":""},"mobile":{"background-color":"var(--ast-global-color-5)","background-image":"","background-repeat":"repeat","background-position":"center center","background-size":"auto","background-attachment":"scroll","background-type":"","background-media":"","overlay-type":"","overlay-color":"","overlay-opacity":"","overlay-gradient":""}}},"product_brand":[],"product_cat":[22],"product_tag":[],"class_list":{"0":"post-1534","1":"product","2":"type-product","3":"status-publish","4":"has-post-thumbnail","6":"product_cat-collares","7":"desktop-align-center","8":"tablet-align-left","9":"mobile-align-left","11":"first","12":"instock","13":"taxable","14":"shipping-taxable","15":"purchasable","16":"product-type-simple"},"uagb_featured_image_src":{"full":["https:\/\/delafuentestudio.com\/wp-content\/uploads\/2024\/11\/dormilona-003-2-scaled.jpg",2075,2560,false],"thumbnail":["https:\/\/delafuentestudio.com\/wp-content\/uploads\/2024\/11\/dormilona-003-2-150x150.jpg",150,150,true],"medium":["https:\/\/delafuentestudio.com\/wp-content\/uploads\/2024\/11\/dormilona-003-2-243x300.jpg",243,300,true],"medium_large":["https:\/\/delafuentestudio.com\/wp-content\/uploads\/2024\/11\/dormilona-003-2-768x948.jpg",768,948,true],"large":["https:\/\/delafuentestudio.com\/wp-content\/uploads\/2024\/11\/dormilona-003-2-830x1024.jpg",830,1024,true],"1536x1536":["https:\/\/delafuentestudio.com\/wp-content\/uploads\/2024\/11\/dormilona-003-2-1245x1536.jpg",1245,1536,true],"2048x2048":["https:\/\/delafuentestudio.com\/wp-content\/uploads\/2024\/11\/dormilona-003-2-1660x2048.jpg",1660,2048,true],"woocommerce_thumbnail":["https:\/\/delafuentestudio.com\/wp-content\/uploads\/2024\/11\/dormilona-003-2-300x300.jpg",300,300,true],"woocommerce_single":["https:\/\/delafuentestudio.com\/wp-content\/uploads\/2024\/11\/dormilona-003-2-600x740.jpg",600,740,true],"woocommerce_gallery_thumbnail":["https:\/\/delafuentestudio.com\/wp-content\/uploads\/2024\/11\/dormilona-003-2-100x100.jpg",100,100,true]},"uagb_author_info":{"display_name":"delafuentestudio.info","author_link":"https:\/\/delafuentestudio.com\/index.php\/author\/"},"uagb_comment_info":0,"uagb_excerpt":"***Nuestro choker m\u00e1s vers\u00e1til*** Solo o combinado con cualquiera de nuestras piezas&#8230; Todos los d\u00edas o para una ocasi\u00f3n especial&#8230; Lo cierto es que aporta un plus!!! &nbsp; Detalles Material: Hilo de oro laminado de 24 quilates modelado con perlas de agua dulce. Medidas: 36,5 cm de contorno de cuello m\u00e1s 6 cm de alargador.&hellip;","jetpack_sharing_enabled":true,"_links":{"self":[{"href":"https:\/\/delafuentestudio.com\/index.php\/wp-json\/wp\/v2\/product\/1534","targetHints":{"allow":["GET"]}}],"collection":[{"href":"https:\/\/delafuentestudio.com\/index.php\/wp-json\/wp\/v2\/product"}],"about":[{"href":"https:\/\/delafuentestudio.com\/index.php\/wp-json\/wp\/v2\/types\/product"}],"version-history":[{"count":3,"href":"https:\/\/delafuentestudio.com\/index.php\/wp-json\/wp\/v2\/product\/1534\/revisions"}],"predecessor-version":[{"id":1541,"href":"https:\/\/delafuentestudio.com\/index.php\/wp-json\/wp\/v2\/product\/1534\/revisions\/1541"}],"wp:featuredmedia":[{"embeddable":true,"href":"https:\/\/delafuentestudio.com\/index.php\/wp-json\/wp\/v2\/media\/1539"}],"wp:attachment":[{"href":"https:\/\/delafuentestudio.com\/index.php\/wp-json\/wp\/v2\/media?parent=1534"}],"wp:term":[{"taxonomy":"product_brand","embeddable":true,"href":"https:\/\/delafuentestudio.com\/index.php\/wp-json\/wp\/v2\/product_brand?post=1534"},{"taxonomy":"product_cat","embeddable":true,"href":"https:\/\/delafuentestudio.com\/index.php\/wp-json\/wp\/v2\/product_cat?post=1534"},{"taxonomy":"product_tag","embeddable":true,"href":"https:\/\/delafuentestudio.com\/index.php\/wp-json\/wp\/v2\/product_tag?post=1534"}],"curies":[{"name":"wp","href":"https:\/\/api.w.org\/{rel}","templated":true}]}}