{"id":1202,"date":"2023-11-01T22:24:35","date_gmt":"2023-11-01T22:24:35","guid":{"rendered":"https:\/\/delafuentestudio.com\/?post_type=product&#038;p=1202"},"modified":"2025-10-19T09:33:57","modified_gmt":"2025-10-19T09:33:57","slug":"pendiente-flor-de-pita","status":"publish","type":"product","link":"https:\/\/delafuentestudio.com\/index.php\/producto\/pendiente-flor-de-pita\/","title":{"rendered":"PENDIENTE FLOR DE PITA AMARILLO"},"content":{"rendered":"<p>La colecci\u00f3n\u00a0 ***La Mujer Pita*** rinde homenaje a uno de los iconos de la provincia de Almer\u00eda e imagen de los preciosos atardeceres del Parque Natural de Cabo de Gata-N\u00edjar.<\/p>\n<p>La pieza 01 de 07 de la colecci\u00f3n<\/p>\n<p>Inspirado en la flor de nuestra pita&#8230;aquella que s\u00f3lo florece una vez en su vida y cuyas flores son dif\u00edciles de ver ya que solo duran de 10 a 20 d\u00edas&#8230;<\/p>\n<p>Un pendiente con colgante de cadenas y perlas desmontable<\/p>\n<p>*** Todas las piezas de la colecci\u00f3n\u00a0 se entregan acompa\u00f1adas de ***La Mujer Pita*** creada por el Artista Antonio Lorente, una ilustraci\u00f3n M\u00e1gica creada en exclusiva para DELAFUENTE e impresa en papel de acuarela ***<\/p>\n<p>Detalles:<\/p>\n<ul>\n<li>Material: Plata de Ley con ba\u00f1o de Oro Amarillo de 24 quilates, perlas y cristal<\/li>\n<li>Flor con incrustaciones de perlas y cristal<\/li>\n<li>Sistema de cierre: presi\u00f3n de mariposa<\/li>\n<li>Medidas largo: 3,5 cm sin cadena, 14 cm con cadena<\/li>\n<li>Medidas Flor: 3 cm x 3,5 cm<\/li>\n<li>Pendiente desmontable<\/li>\n<\/ul>\n<p>Fabricaci\u00f3n:<\/p>\n<ul>\n<li>Esta pieza es un Dise\u00f1o exclusivo de Delafuente<\/li>\n<li>Hecho en Almer\u00eda.<\/li>\n<\/ul>\n<p><a href=\"https:\/\/delafuentestudio.com\/index.php\/limpieza-y-cuidados\/\">LIMPIEZA Y CUIDADOS<\/a><\/p>\n","protected":false},"excerpt":{"rendered":"<p>La colecci\u00f3n\u00a0 ***La Mujer Pita*** rinde homenaje a uno de los iconos de la provincia de Almer\u00eda e imagen de los preciosos atardeceres del Parque Natural de Cabo de Gata-N\u00edjar. La pieza 01 de 07 de la colecci\u00f3n Inspirado en la flor de nuestra pita&#8230;aquella que s\u00f3lo florece una vez en su vida y cuyas [&hellip;]<\/p>\n","protected":false},"featured_media":1253,"template":"","meta":{"_uag_custom_page_level_css":"","site-sidebar-layout":"default","site-content-layout":"default","ast-site-content-layout":"default","site-content-style":"default","site-sidebar-style":"default","ast-global-header-display":"","ast-banner-title-visibility":"","ast-main-header-display":"","ast-hfb-above-header-display":"","ast-hfb-below-header-display":"","ast-hfb-mobile-header-display":"","site-post-title":"","ast-breadcrumbs-content":"","ast-featured-img":"","footer-sml-layout":"","theme-transparent-header-meta":"default","adv-header-id-meta":"","stick-header-meta":"","header-above-stick-meta":"","header-main-stick-meta":"","header-below-stick-meta":"","astra-migrate-meta-layouts":"set","ast-page-background-enabled":"default","ast-page-background-meta":{"desktop":{"background-color":"var(--ast-global-color-4)","background-image":"","background-repeat":"repeat","background-position":"center center","background-size":"auto","background-attachment":"scroll","background-type":"","background-media":"","overlay-type":"","overlay-color":"","overlay-opacity":"","overlay-gradient":""},"tablet":{"background-color":"","background-image":"","background-repeat":"repeat","background-position":"center center","background-size":"auto","background-attachment":"scroll","background-type":"","background-media":"","overlay-type":"","overlay-color":"","overlay-opacity":"","overlay-gradient":""},"mobile":{"background-color":"","background-image":"","background-repeat":"repeat","background-position":"center center","background-size":"auto","background-attachment":"scroll","background-type":"","background-media":"","overlay-type":"","overlay-color":"","overlay-opacity":"","overlay-gradient":""}},"ast-content-background-meta":{"desktop":{"background-color":"var(--ast-global-color-5)","background-image":"","background-repeat":"repeat","background-position":"center center","background-size":"auto","background-attachment":"scroll","background-type":"","background-media":"","overlay-type":"","overlay-color":"","overlay-opacity":"","overlay-gradient":""},"tablet":{"background-color":"var(--ast-global-color-5)","background-image":"","background-repeat":"repeat","background-position":"center center","background-size":"auto","background-attachment":"scroll","background-type":"","background-media":"","overlay-type":"","overlay-color":"","overlay-opacity":"","overlay-gradient":""},"mobile":{"background-color":"var(--ast-global-color-5)","background-image":"","background-repeat":"repeat","background-position":"center center","background-size":"auto","background-attachment":"scroll","background-type":"","background-media":"","overlay-type":"","overlay-color":"","overlay-opacity":"","overlay-gradient":""}}},"product_brand":[],"product_cat":[24],"product_tag":[],"class_list":{"0":"post-1202","1":"product","2":"type-product","3":"status-publish","4":"has-post-thumbnail","6":"product_cat-pendientes","7":"desktop-align-center","8":"tablet-align-left","9":"mobile-align-left","11":"first","12":"outofstock","13":"taxable","14":"shipping-taxable","15":"purchasable","16":"product-type-simple"},"uagb_featured_image_src":{"full":["https:\/\/delafuentestudio.com\/wp-content\/uploads\/2023\/11\/001-1.jpg",754,595,false],"thumbnail":["https:\/\/delafuentestudio.com\/wp-content\/uploads\/2023\/11\/001-1-150x150.jpg",150,150,true],"medium":["https:\/\/delafuentestudio.com\/wp-content\/uploads\/2023\/11\/001-1-300x237.jpg",300,237,true],"medium_large":["https:\/\/delafuentestudio.com\/wp-content\/uploads\/2023\/11\/001-1.jpg",754,595,false],"large":["https:\/\/delafuentestudio.com\/wp-content\/uploads\/2023\/11\/001-1.jpg",754,595,false],"1536x1536":["https:\/\/delafuentestudio.com\/wp-content\/uploads\/2023\/11\/001-1.jpg",754,595,false],"2048x2048":["https:\/\/delafuentestudio.com\/wp-content\/uploads\/2023\/11\/001-1.jpg",754,595,false],"woocommerce_thumbnail":["https:\/\/delafuentestudio.com\/wp-content\/uploads\/2023\/11\/001-1-300x300.jpg",300,300,true],"woocommerce_single":["https:\/\/delafuentestudio.com\/wp-content\/uploads\/2023\/11\/001-1-600x473.jpg",600,473,true],"woocommerce_gallery_thumbnail":["https:\/\/delafuentestudio.com\/wp-content\/uploads\/2023\/11\/001-1-100x100.jpg",100,100,true]},"uagb_author_info":{"display_name":"delafuentestudio.info","author_link":"https:\/\/delafuentestudio.com\/index.php\/author\/"},"uagb_comment_info":0,"uagb_excerpt":"La colecci\u00f3n\u00a0 ***La Mujer Pita*** rinde homenaje a uno de los iconos de la provincia de Almer\u00eda e imagen de los preciosos atardeceres del Parque Natural de Cabo de Gata-N\u00edjar. La pieza 01 de 07 de la colecci\u00f3n Inspirado en la flor de nuestra pita&#8230;aquella que s\u00f3lo florece una vez en su vida y cuyas&hellip;","jetpack_sharing_enabled":true,"_links":{"self":[{"href":"https:\/\/delafuentestudio.com\/index.php\/wp-json\/wp\/v2\/product\/1202","targetHints":{"allow":["GET"]}}],"collection":[{"href":"https:\/\/delafuentestudio.com\/index.php\/wp-json\/wp\/v2\/product"}],"about":[{"href":"https:\/\/delafuentestudio.com\/index.php\/wp-json\/wp\/v2\/types\/product"}],"version-history":[{"count":13,"href":"https:\/\/delafuentestudio.com\/index.php\/wp-json\/wp\/v2\/product\/1202\/revisions"}],"predecessor-version":[{"id":1292,"href":"https:\/\/delafuentestudio.com\/index.php\/wp-json\/wp\/v2\/product\/1202\/revisions\/1292"}],"wp:featuredmedia":[{"embeddable":true,"href":"https:\/\/delafuentestudio.com\/index.php\/wp-json\/wp\/v2\/media\/1253"}],"wp:attachment":[{"href":"https:\/\/delafuentestudio.com\/index.php\/wp-json\/wp\/v2\/media?parent=1202"}],"wp:term":[{"taxonomy":"product_brand","embeddable":true,"href":"https:\/\/delafuentestudio.com\/index.php\/wp-json\/wp\/v2\/product_brand?post=1202"},{"taxonomy":"product_cat","embeddable":true,"href":"https:\/\/delafuentestudio.com\/index.php\/wp-json\/wp\/v2\/product_cat?post=1202"},{"taxonomy":"product_tag","embeddable":true,"href":"https:\/\/delafuentestudio.com\/index.php\/wp-json\/wp\/v2\/product_tag?post=1202"}],"curies":[{"name":"wp","href":"https:\/\/api.w.org\/{rel}","templated":true}]}}