{"id":1199,"date":"2023-11-01T22:07:37","date_gmt":"2023-11-01T22:07:37","guid":{"rendered":"https:\/\/delafuentestudio.com\/?post_type=product&#038;p=1199"},"modified":"2026-01-03T11:16:34","modified_gmt":"2026-01-03T11:16:34","slug":"brazalete-flores-de-pita","status":"publish","type":"product","link":"https:\/\/delafuentestudio.com\/index.php\/producto\/brazalete-flores-de-pita\/","title":{"rendered":"BRAZALETE FLOR DE PITA"},"content":{"rendered":"<p>La colecci\u00f3n\u00a0 ***La Mujer Pita*** rinde homenaje a uno de los iconos de la provincia de Almer\u00eda e imagen de los preciosos atardeceres del Parque Natural de Cabo de Gata-N\u00edjar.<\/p>\n<p>La pieza 03 de 07 de la colecci\u00f3n<\/p>\n<p>Un brazalete semi-r\u00edgido inspirado en la flor de nuestra pita&#8230;aquella que s\u00f3lo florece una vez en su vida y cuyas flores son dif\u00edciles de ver ya que solo duran de 10 a 20 d\u00edas&#8230;<\/p>\n<p>*** Todas las piezas de la colecci\u00f3n\u00a0 se entregan acompa\u00f1adas de ***La Mujer Pita*** creada por el Artista Antonio Lorente, una ilustraci\u00f3n M\u00e1gica creada en exclusiva para DELAFUENTE e impresa en papel de acuarela ***<\/p>\n<p>&nbsp;<\/p>\n<p>Detalles:<\/p>\n<ul>\n<li>Material: Plata de Ley con ba\u00f1o de Oro de 24 quilates, perlas y cristal<\/li>\n<li>Flor con incrustaciones de perlas y cristal<\/li>\n<li>Medidas: 19 cm de contorno de brazo<\/li>\n<li>Talla \u00fanica ajustable<\/li>\n<li>Medidas Flor: 3 cm x 3,5 cm<\/li>\n<\/ul>\n<p>Fabricaci\u00f3n:<\/p>\n<ul>\n<li>Esta pieza es un Dise\u00f1o exclusivo de Delafuente<\/li>\n<li>Hecho en Almer\u00eda.<\/li>\n<\/ul>\n<p><a href=\"https:\/\/delafuentestudio.com\/index.php\/limpieza-y-cuidados\/\">LIMPIEZA Y CUIDADOS<\/a><\/p>\n<p><a href=\"https:\/\/delafuentestudio.com\/index.php\/guia-de-tallas\/\">GUIA DE TALLAS<\/a><\/p>\n<p>&nbsp;<\/p>\n","protected":false},"excerpt":{"rendered":"<p>La colecci\u00f3n\u00a0 ***La Mujer Pita*** rinde homenaje a uno de los iconos de la provincia de Almer\u00eda e imagen de los preciosos atardeceres del Parque Natural de Cabo de Gata-N\u00edjar. La pieza 03 de 07 de la colecci\u00f3n Un brazalete semi-r\u00edgido inspirado en la flor de nuestra pita&#8230;aquella que s\u00f3lo florece una vez en su [&hellip;]<\/p>\n","protected":false},"featured_media":1296,"template":"","meta":{"_uag_custom_page_level_css":"","site-sidebar-layout":"default","site-content-layout":"default","ast-site-content-layout":"default","site-content-style":"default","site-sidebar-style":"default","ast-global-header-display":"","ast-banner-title-visibility":"","ast-main-header-display":"","ast-hfb-above-header-display":"","ast-hfb-below-header-display":"","ast-hfb-mobile-header-display":"","site-post-title":"","ast-breadcrumbs-content":"","ast-featured-img":"","footer-sml-layout":"","theme-transparent-header-meta":"default","adv-header-id-meta":"","stick-header-meta":"","header-above-stick-meta":"","header-main-stick-meta":"","header-below-stick-meta":"","astra-migrate-meta-layouts":"set","ast-page-background-enabled":"default","ast-page-background-meta":{"desktop":{"background-color":"var(--ast-global-color-4)","background-image":"","background-repeat":"repeat","background-position":"center center","background-size":"auto","background-attachment":"scroll","background-type":"","background-media":"","overlay-type":"","overlay-color":"","overlay-opacity":"","overlay-gradient":""},"tablet":{"background-color":"","background-image":"","background-repeat":"repeat","background-position":"center center","background-size":"auto","background-attachment":"scroll","background-type":"","background-media":"","overlay-type":"","overlay-color":"","overlay-opacity":"","overlay-gradient":""},"mobile":{"background-color":"","background-image":"","background-repeat":"repeat","background-position":"center center","background-size":"auto","background-attachment":"scroll","background-type":"","background-media":"","overlay-type":"","overlay-color":"","overlay-opacity":"","overlay-gradient":""}},"ast-content-background-meta":{"desktop":{"background-color":"var(--ast-global-color-5)","background-image":"","background-repeat":"repeat","background-position":"center center","background-size":"auto","background-attachment":"scroll","background-type":"","background-media":"","overlay-type":"","overlay-color":"","overlay-opacity":"","overlay-gradient":""},"tablet":{"background-color":"var(--ast-global-color-5)","background-image":"","background-repeat":"repeat","background-position":"center center","background-size":"auto","background-attachment":"scroll","background-type":"","background-media":"","overlay-type":"","overlay-color":"","overlay-opacity":"","overlay-gradient":""},"mobile":{"background-color":"var(--ast-global-color-5)","background-image":"","background-repeat":"repeat","background-position":"center center","background-size":"auto","background-attachment":"scroll","background-type":"","background-media":"","overlay-type":"","overlay-color":"","overlay-opacity":"","overlay-gradient":""}}},"product_brand":[],"product_cat":[23],"product_tag":[],"class_list":{"0":"post-1199","1":"product","2":"type-product","3":"status-publish","4":"has-post-thumbnail","6":"product_cat-brazaletes","7":"desktop-align-center","8":"tablet-align-left","9":"mobile-align-left","11":"first","12":"outofstock","13":"taxable","14":"shipping-taxable","15":"purchasable","16":"product-type-simple"},"uagb_featured_image_src":{"full":["https:\/\/delafuentestudio.com\/wp-content\/uploads\/2023\/11\/NEW.jpg",822,822,false],"thumbnail":["https:\/\/delafuentestudio.com\/wp-content\/uploads\/2023\/11\/NEW-150x150.jpg",150,150,true],"medium":["https:\/\/delafuentestudio.com\/wp-content\/uploads\/2023\/11\/NEW-300x300.jpg",300,300,true],"medium_large":["https:\/\/delafuentestudio.com\/wp-content\/uploads\/2023\/11\/NEW-768x768.jpg",768,768,true],"large":["https:\/\/delafuentestudio.com\/wp-content\/uploads\/2023\/11\/NEW.jpg",822,822,false],"1536x1536":["https:\/\/delafuentestudio.com\/wp-content\/uploads\/2023\/11\/NEW.jpg",822,822,false],"2048x2048":["https:\/\/delafuentestudio.com\/wp-content\/uploads\/2023\/11\/NEW.jpg",822,822,false],"woocommerce_thumbnail":["https:\/\/delafuentestudio.com\/wp-content\/uploads\/2023\/11\/NEW-300x300.jpg",300,300,true],"woocommerce_single":["https:\/\/delafuentestudio.com\/wp-content\/uploads\/2023\/11\/NEW-600x600.jpg",600,600,true],"woocommerce_gallery_thumbnail":["https:\/\/delafuentestudio.com\/wp-content\/uploads\/2023\/11\/NEW-100x100.jpg",100,100,true]},"uagb_author_info":{"display_name":"delafuentestudio.info","author_link":"https:\/\/delafuentestudio.com\/index.php\/author\/"},"uagb_comment_info":0,"uagb_excerpt":"La colecci\u00f3n\u00a0 ***La Mujer Pita*** rinde homenaje a uno de los iconos de la provincia de Almer\u00eda e imagen de los preciosos atardeceres del Parque Natural de Cabo de Gata-N\u00edjar. La pieza 03 de 07 de la colecci\u00f3n Un brazalete semi-r\u00edgido inspirado en la flor de nuestra pita&#8230;aquella que s\u00f3lo florece una vez en su&hellip;","jetpack_sharing_enabled":true,"_links":{"self":[{"href":"https:\/\/delafuentestudio.com\/index.php\/wp-json\/wp\/v2\/product\/1199","targetHints":{"allow":["GET"]}}],"collection":[{"href":"https:\/\/delafuentestudio.com\/index.php\/wp-json\/wp\/v2\/product"}],"about":[{"href":"https:\/\/delafuentestudio.com\/index.php\/wp-json\/wp\/v2\/types\/product"}],"version-history":[{"count":7,"href":"https:\/\/delafuentestudio.com\/index.php\/wp-json\/wp\/v2\/product\/1199\/revisions"}],"predecessor-version":[{"id":1287,"href":"https:\/\/delafuentestudio.com\/index.php\/wp-json\/wp\/v2\/product\/1199\/revisions\/1287"}],"wp:featuredmedia":[{"embeddable":true,"href":"https:\/\/delafuentestudio.com\/index.php\/wp-json\/wp\/v2\/media\/1296"}],"wp:attachment":[{"href":"https:\/\/delafuentestudio.com\/index.php\/wp-json\/wp\/v2\/media?parent=1199"}],"wp:term":[{"taxonomy":"product_brand","embeddable":true,"href":"https:\/\/delafuentestudio.com\/index.php\/wp-json\/wp\/v2\/product_brand?post=1199"},{"taxonomy":"product_cat","embeddable":true,"href":"https:\/\/delafuentestudio.com\/index.php\/wp-json\/wp\/v2\/product_cat?post=1199"},{"taxonomy":"product_tag","embeddable":true,"href":"https:\/\/delafuentestudio.com\/index.php\/wp-json\/wp\/v2\/product_tag?post=1199"}],"curies":[{"name":"wp","href":"https:\/\/api.w.org\/{rel}","templated":true}]}}