{"id":1163,"date":"2023-08-25T15:20:26","date_gmt":"2023-08-25T15:20:26","guid":{"rendered":"https:\/\/delafuentestudio.com\/?post_type=product&#038;p=1163"},"modified":"2026-02-14T19:27:52","modified_gmt":"2026-02-14T19:27:52","slug":"anillo-margarita-mini-amarillo","status":"publish","type":"product","link":"https:\/\/delafuentestudio.com\/index.php\/producto\/anillo-margarita-mini-amarillo\/","title":{"rendered":"ANILLO MARGARITA MINI AMARILLO"},"content":{"rendered":"<p>Las Margaritas son simples\u2026pero muy sofisticadas, muchos las consideran<br \/>\nla flor m\u00e1s bonita&#8230;<br \/>\nSimbolizan la amistad incondicional, la inocencia y el amor puro.<\/p>\n<p>Nuestra Margarita Mini, la m\u00e1s delicada&#8230;<\/p>\n<p>Detalles:<\/p>\n<ul>\n<li>Material: Plata de Ley con ba\u00f1o de Oro de 24 quilates<\/li>\n<li>Medidas Margarita: 2 cm x 2 cm<\/li>\n<li>Talla \u00fanica ajustable<\/li>\n<\/ul>\n<p>Fabricaci\u00f3n:<\/p>\n<ul>\n<li>Esta pieza es un Dise\u00f1o exclusivo de Delafuente<\/li>\n<li>Hecho en Almer\u00eda.<\/li>\n<\/ul>\n<p><a href=\"https:\/\/delafuentestudio.com\/index.php\/limpieza-y-cuidados\/\">LIMPIEZA Y CUIDADOS<\/a><\/p>\n<p><a href=\"https:\/\/delafuentestudio.com\/index.php\/guia-de-tallas\/\">GUIA DE TALLAS<\/a><\/p>\n","protected":false},"excerpt":{"rendered":"<p>Las Margaritas son simples\u2026pero muy sofisticadas, muchos las consideran la flor m\u00e1s bonita&#8230; Simbolizan la amistad incondicional, la inocencia y el amor puro. Nuestra Margarita Mini, la m\u00e1s delicada&#8230; Detalles: Material: Plata de Ley con ba\u00f1o de Oro de 24 quilates Medidas Margarita: 2 cm x 2 cm Talla \u00fanica ajustable Fabricaci\u00f3n: Esta pieza es [&hellip;]<\/p>\n","protected":false},"featured_media":1176,"template":"","meta":{"_uag_custom_page_level_css":"","site-sidebar-layout":"default","site-content-layout":"default","ast-site-content-layout":"default","site-content-style":"default","site-sidebar-style":"default","ast-global-header-display":"","ast-banner-title-visibility":"","ast-main-header-display":"","ast-hfb-above-header-display":"","ast-hfb-below-header-display":"","ast-hfb-mobile-header-display":"","site-post-title":"","ast-breadcrumbs-content":"","ast-featured-img":"","footer-sml-layout":"","theme-transparent-header-meta":"default","adv-header-id-meta":"","stick-header-meta":"","header-above-stick-meta":"","header-main-stick-meta":"","header-below-stick-meta":"","astra-migrate-meta-layouts":"set","ast-page-background-enabled":"default","ast-page-background-meta":{"desktop":{"background-color":"var(--ast-global-color-4)","background-image":"","background-repeat":"repeat","background-position":"center center","background-size":"auto","background-attachment":"scroll","background-type":"","background-media":"","overlay-type":"","overlay-color":"","overlay-opacity":"","overlay-gradient":""},"tablet":{"background-color":"","background-image":"","background-repeat":"repeat","background-position":"center center","background-size":"auto","background-attachment":"scroll","background-type":"","background-media":"","overlay-type":"","overlay-color":"","overlay-opacity":"","overlay-gradient":""},"mobile":{"background-color":"","background-image":"","background-repeat":"repeat","background-position":"center center","background-size":"auto","background-attachment":"scroll","background-type":"","background-media":"","overlay-type":"","overlay-color":"","overlay-opacity":"","overlay-gradient":""}},"ast-content-background-meta":{"desktop":{"background-color":"var(--ast-global-color-5)","background-image":"","background-repeat":"repeat","background-position":"center center","background-size":"auto","background-attachment":"scroll","background-type":"","background-media":"","overlay-type":"","overlay-color":"","overlay-opacity":"","overlay-gradient":""},"tablet":{"background-color":"var(--ast-global-color-5)","background-image":"","background-repeat":"repeat","background-position":"center center","background-size":"auto","background-attachment":"scroll","background-type":"","background-media":"","overlay-type":"","overlay-color":"","overlay-opacity":"","overlay-gradient":""},"mobile":{"background-color":"var(--ast-global-color-5)","background-image":"","background-repeat":"repeat","background-position":"center center","background-size":"auto","background-attachment":"scroll","background-type":"","background-media":"","overlay-type":"","overlay-color":"","overlay-opacity":"","overlay-gradient":""}}},"product_brand":[],"product_cat":[25],"product_tag":[],"class_list":{"0":"post-1163","1":"product","2":"type-product","3":"status-publish","4":"has-post-thumbnail","6":"product_cat-anillos","7":"desktop-align-center","8":"tablet-align-left","9":"mobile-align-left","11":"first","12":"outofstock","13":"taxable","14":"shipping-taxable","15":"purchasable","16":"product-type-simple"},"uagb_featured_image_src":{"full":["https:\/\/delafuentestudio.com\/wp-content\/uploads\/2023\/08\/anillo-amarillo.jpg",1458,1464,false],"thumbnail":["https:\/\/delafuentestudio.com\/wp-content\/uploads\/2023\/08\/anillo-amarillo-150x150.jpg",150,150,true],"medium":["https:\/\/delafuentestudio.com\/wp-content\/uploads\/2023\/08\/anillo-amarillo-300x300.jpg",300,300,true],"medium_large":["https:\/\/delafuentestudio.com\/wp-content\/uploads\/2023\/08\/anillo-amarillo-768x771.jpg",768,771,true],"large":["https:\/\/delafuentestudio.com\/wp-content\/uploads\/2023\/08\/anillo-amarillo-1020x1024.jpg",1020,1024,true],"1536x1536":["https:\/\/delafuentestudio.com\/wp-content\/uploads\/2023\/08\/anillo-amarillo.jpg",1458,1464,false],"2048x2048":["https:\/\/delafuentestudio.com\/wp-content\/uploads\/2023\/08\/anillo-amarillo.jpg",1458,1464,false],"woocommerce_thumbnail":["https:\/\/delafuentestudio.com\/wp-content\/uploads\/2023\/08\/anillo-amarillo-300x300.jpg",300,300,true],"woocommerce_single":["https:\/\/delafuentestudio.com\/wp-content\/uploads\/2023\/08\/anillo-amarillo-600x602.jpg",600,602,true],"woocommerce_gallery_thumbnail":["https:\/\/delafuentestudio.com\/wp-content\/uploads\/2023\/08\/anillo-amarillo-100x100.jpg",100,100,true]},"uagb_author_info":{"display_name":"delafuentestudio.info","author_link":"https:\/\/delafuentestudio.com\/index.php\/author\/"},"uagb_comment_info":0,"uagb_excerpt":"Las Margaritas son simples\u2026pero muy sofisticadas, muchos las consideran la flor m\u00e1s bonita&#8230; Simbolizan la amistad incondicional, la inocencia y el amor puro. Nuestra Margarita Mini, la m\u00e1s delicada&#8230; Detalles: Material: Plata de Ley con ba\u00f1o de Oro de 24 quilates Medidas Margarita: 2 cm x 2 cm Talla \u00fanica ajustable Fabricaci\u00f3n: Esta pieza es&hellip;","jetpack_sharing_enabled":true,"_links":{"self":[{"href":"https:\/\/delafuentestudio.com\/index.php\/wp-json\/wp\/v2\/product\/1163","targetHints":{"allow":["GET"]}}],"collection":[{"href":"https:\/\/delafuentestudio.com\/index.php\/wp-json\/wp\/v2\/product"}],"about":[{"href":"https:\/\/delafuentestudio.com\/index.php\/wp-json\/wp\/v2\/types\/product"}],"version-history":[{"count":4,"href":"https:\/\/delafuentestudio.com\/index.php\/wp-json\/wp\/v2\/product\/1163\/revisions"}],"predecessor-version":[{"id":1453,"href":"https:\/\/delafuentestudio.com\/index.php\/wp-json\/wp\/v2\/product\/1163\/revisions\/1453"}],"wp:featuredmedia":[{"embeddable":true,"href":"https:\/\/delafuentestudio.com\/index.php\/wp-json\/wp\/v2\/media\/1176"}],"wp:attachment":[{"href":"https:\/\/delafuentestudio.com\/index.php\/wp-json\/wp\/v2\/media?parent=1163"}],"wp:term":[{"taxonomy":"product_brand","embeddable":true,"href":"https:\/\/delafuentestudio.com\/index.php\/wp-json\/wp\/v2\/product_brand?post=1163"},{"taxonomy":"product_cat","embeddable":true,"href":"https:\/\/delafuentestudio.com\/index.php\/wp-json\/wp\/v2\/product_cat?post=1163"},{"taxonomy":"product_tag","embeddable":true,"href":"https:\/\/delafuentestudio.com\/index.php\/wp-json\/wp\/v2\/product_tag?post=1163"}],"curies":[{"name":"wp","href":"https:\/\/api.w.org\/{rel}","templated":true}]}}