{"id":1104,"date":"2023-07-29T18:59:40","date_gmt":"2023-07-29T18:59:40","guid":{"rendered":"https:\/\/delafuentestudio.com\/?post_type=product&#038;p=1104"},"modified":"2025-12-09T17:48:13","modified_gmt":"2025-12-09T17:48:13","slug":"pendiente-margarita-mini-amarillo-copia","status":"publish","type":"product","link":"https:\/\/delafuentestudio.com\/index.php\/producto\/pendiente-margarita-mini-amarillo-copia\/","title":{"rendered":"PENDIENTE MARGARITA MINI AMARILLO"},"content":{"rendered":"<p>Las Margaritas son simples\u2026pero muy sofisticadas, muchos las consideran la flor m\u00e1s bonita&#8230;<\/p>\n<p>Simbolizan la amistad incondicional, la inocencia y el amor puro.<\/p>\n<p>Detalles:<\/p>\n<ul>\n<li>Material: Plata de Ley con ba\u00f1o de Oro Amarillo de 24 quilates<\/li>\n<li>Sistema de cierre: presi\u00f3n de mariposa<\/li>\n<li>Medidas: 2 cm<\/li>\n<\/ul>\n<p>Fabricaci\u00f3n:<\/p>\n<ul>\n<li>Esta pieza es un Dise\u00f1o exclusivo de Delafuente<\/li>\n<li>Hecho en Almer\u00eda.<\/li>\n<\/ul>\n<p><a href=\"https:\/\/delafuentestudio.com\/index.php\/limpieza-y-cuidados\/\">LIMPIEZA Y CUIDADOS<\/a><\/p>\n","protected":false},"excerpt":{"rendered":"<p>Las Margaritas son simples\u2026pero muy sofisticadas, muchos las consideran la flor m\u00e1s bonita&#8230; Simbolizan la amistad incondicional, la inocencia y el amor puro. Detalles: Material: Plata de Ley con ba\u00f1o de Oro Amarillo de 24 quilates Sistema de cierre: presi\u00f3n de mariposa Medidas: 2 cm Fabricaci\u00f3n: Esta pieza es un Dise\u00f1o exclusivo de Delafuente Hecho [&hellip;]<\/p>\n","protected":false},"featured_media":1581,"template":"","meta":{"_uag_custom_page_level_css":"","site-sidebar-layout":"default","site-content-layout":"default","ast-site-content-layout":"default","site-content-style":"default","site-sidebar-style":"default","ast-global-header-display":"","ast-banner-title-visibility":"","ast-main-header-display":"","ast-hfb-above-header-display":"","ast-hfb-below-header-display":"","ast-hfb-mobile-header-display":"","site-post-title":"","ast-breadcrumbs-content":"","ast-featured-img":"","footer-sml-layout":"","theme-transparent-header-meta":"default","adv-header-id-meta":"","stick-header-meta":"","header-above-stick-meta":"","header-main-stick-meta":"","header-below-stick-meta":"","astra-migrate-meta-layouts":"set","ast-page-background-enabled":"default","ast-page-background-meta":{"desktop":{"background-color":"var(--ast-global-color-4)","background-image":"","background-repeat":"repeat","background-position":"center center","background-size":"auto","background-attachment":"scroll","background-type":"","background-media":"","overlay-type":"","overlay-color":"","overlay-opacity":"","overlay-gradient":""},"tablet":{"background-color":"","background-image":"","background-repeat":"repeat","background-position":"center center","background-size":"auto","background-attachment":"scroll","background-type":"","background-media":"","overlay-type":"","overlay-color":"","overlay-opacity":"","overlay-gradient":""},"mobile":{"background-color":"","background-image":"","background-repeat":"repeat","background-position":"center center","background-size":"auto","background-attachment":"scroll","background-type":"","background-media":"","overlay-type":"","overlay-color":"","overlay-opacity":"","overlay-gradient":""}},"ast-content-background-meta":{"desktop":{"background-color":"var(--ast-global-color-5)","background-image":"","background-repeat":"repeat","background-position":"center center","background-size":"auto","background-attachment":"scroll","background-type":"","background-media":"","overlay-type":"","overlay-color":"","overlay-opacity":"","overlay-gradient":""},"tablet":{"background-color":"var(--ast-global-color-5)","background-image":"","background-repeat":"repeat","background-position":"center center","background-size":"auto","background-attachment":"scroll","background-type":"","background-media":"","overlay-type":"","overlay-color":"","overlay-opacity":"","overlay-gradient":""},"mobile":{"background-color":"var(--ast-global-color-5)","background-image":"","background-repeat":"repeat","background-position":"center center","background-size":"auto","background-attachment":"scroll","background-type":"","background-media":"","overlay-type":"","overlay-color":"","overlay-opacity":"","overlay-gradient":""}}},"product_brand":[],"product_cat":[24],"product_tag":[],"class_list":{"0":"post-1104","1":"product","2":"type-product","3":"status-publish","4":"has-post-thumbnail","6":"product_cat-pendientes","7":"desktop-align-center","8":"tablet-align-left","9":"mobile-align-left","11":"first","12":"instock","13":"taxable","14":"shipping-taxable","15":"purchasable","16":"product-type-simple"},"uagb_featured_image_src":{"full":["https:\/\/delafuentestudio.com\/wp-content\/uploads\/2023\/07\/mini-margarita-web-1-scaled.jpg",1810,2560,false],"thumbnail":["https:\/\/delafuentestudio.com\/wp-content\/uploads\/2023\/07\/mini-margarita-web-1-150x150.jpg",150,150,true],"medium":["https:\/\/delafuentestudio.com\/wp-content\/uploads\/2023\/07\/mini-margarita-web-1-212x300.jpg",212,300,true],"medium_large":["https:\/\/delafuentestudio.com\/wp-content\/uploads\/2023\/07\/mini-margarita-web-1-768x1086.jpg",768,1086,true],"large":["https:\/\/delafuentestudio.com\/wp-content\/uploads\/2023\/07\/mini-margarita-web-1-724x1024.jpg",724,1024,true],"1536x1536":["https:\/\/delafuentestudio.com\/wp-content\/uploads\/2023\/07\/mini-margarita-web-1-1086x1536.jpg",1086,1536,true],"2048x2048":["https:\/\/delafuentestudio.com\/wp-content\/uploads\/2023\/07\/mini-margarita-web-1-1448x2048.jpg",1448,2048,true],"woocommerce_thumbnail":["https:\/\/delafuentestudio.com\/wp-content\/uploads\/2023\/07\/mini-margarita-web-1-300x300.jpg",300,300,true],"woocommerce_single":["https:\/\/delafuentestudio.com\/wp-content\/uploads\/2023\/07\/mini-margarita-web-1-600x849.jpg",600,849,true],"woocommerce_gallery_thumbnail":["https:\/\/delafuentestudio.com\/wp-content\/uploads\/2023\/07\/mini-margarita-web-1-100x100.jpg",100,100,true]},"uagb_author_info":{"display_name":"delafuentestudio.info","author_link":"https:\/\/delafuentestudio.com\/index.php\/author\/"},"uagb_comment_info":0,"uagb_excerpt":"Las Margaritas son simples\u2026pero muy sofisticadas, muchos las consideran la flor m\u00e1s bonita&#8230; Simbolizan la amistad incondicional, la inocencia y el amor puro. Detalles: Material: Plata de Ley con ba\u00f1o de Oro Amarillo de 24 quilates Sistema de cierre: presi\u00f3n de mariposa Medidas: 2 cm Fabricaci\u00f3n: Esta pieza es un Dise\u00f1o exclusivo de Delafuente Hecho&hellip;","jetpack_sharing_enabled":true,"_links":{"self":[{"href":"https:\/\/delafuentestudio.com\/index.php\/wp-json\/wp\/v2\/product\/1104","targetHints":{"allow":["GET"]}}],"collection":[{"href":"https:\/\/delafuentestudio.com\/index.php\/wp-json\/wp\/v2\/product"}],"about":[{"href":"https:\/\/delafuentestudio.com\/index.php\/wp-json\/wp\/v2\/types\/product"}],"version-history":[{"count":2,"href":"https:\/\/delafuentestudio.com\/index.php\/wp-json\/wp\/v2\/product\/1104\/revisions"}],"predecessor-version":[{"id":1111,"href":"https:\/\/delafuentestudio.com\/index.php\/wp-json\/wp\/v2\/product\/1104\/revisions\/1111"}],"wp:featuredmedia":[{"embeddable":true,"href":"https:\/\/delafuentestudio.com\/index.php\/wp-json\/wp\/v2\/media\/1581"}],"wp:attachment":[{"href":"https:\/\/delafuentestudio.com\/index.php\/wp-json\/wp\/v2\/media?parent=1104"}],"wp:term":[{"taxonomy":"product_brand","embeddable":true,"href":"https:\/\/delafuentestudio.com\/index.php\/wp-json\/wp\/v2\/product_brand?post=1104"},{"taxonomy":"product_cat","embeddable":true,"href":"https:\/\/delafuentestudio.com\/index.php\/wp-json\/wp\/v2\/product_cat?post=1104"},{"taxonomy":"product_tag","embeddable":true,"href":"https:\/\/delafuentestudio.com\/index.php\/wp-json\/wp\/v2\/product_tag?post=1104"}],"curies":[{"name":"wp","href":"https:\/\/api.w.org\/{rel}","templated":true}]}}