{"id":1051,"date":"2023-06-01T17:14:01","date_gmt":"2023-06-01T17:14:01","guid":{"rendered":"https:\/\/delafuentestudio.com\/?post_type=product&#038;p=1051"},"modified":"2026-02-14T19:07:20","modified_gmt":"2026-02-14T19:07:20","slug":"collar-perlas-max","status":"publish","type":"product","link":"https:\/\/delafuentestudio.com\/index.php\/producto\/collar-perlas-max\/","title":{"rendered":"COLLAR PERLAS MAX"},"content":{"rendered":"<p>Perla \u2026\u201chija de la Luz\u201d , hace m\u00e1s de 2.000 a\u00f1os atr\u00e1s, s\u00edmbolo de pureza e<br \/>\ninocencia, y a su vez, s\u00edmbolo de poder y prestigio\u2026<br \/>\nEl Collar Perlas Max, el hermano mayor de nuestro Choker perlas&#8230;juntos o separados<\/p>\n<p>Detalles<\/p>\n<ul>\n<li>Material: Hilo de oro laminado de 24 quilates modelado con perlas de agua dulce, cristal y cuarzos herkimer<\/li>\n<li>Medidas: 43,5 cm de contorno de cuello m\u00e1s 6 cm de alargador<\/li>\n<li>Medida perlas: 15-18 mm x 3 mm<\/li>\n<\/ul>\n<p>Fabricaci\u00f3n:<\/p>\n<ul>\n<li>Esta pieza es un Dise\u00f1o exclusivo de Delafuente<\/li>\n<li>Hecho en Almer\u00eda.<\/li>\n<\/ul>\n<p><a href=\"https:\/\/delafuentestudio.com\/index.php\/limpieza-y-cuidados\/\">LIMPIEZA Y CUIDADOS<\/a><\/p>\n<p><a href=\"https:\/\/delafuentestudio.com\/index.php\/guia-de-tallas\/\">GUIA DE TALLAS<\/a><\/p>\n","protected":false},"excerpt":{"rendered":"<p>Perla \u2026\u201chija de la Luz\u201d , hace m\u00e1s de 2.000 a\u00f1os atr\u00e1s, s\u00edmbolo de pureza e inocencia, y a su vez, s\u00edmbolo de poder y prestigio\u2026 El Collar Perlas Max, el hermano mayor de nuestro Choker perlas&#8230;juntos o separados Detalles Material: Hilo de oro laminado de 24 quilates modelado con perlas de agua dulce, cristal [&hellip;]<\/p>\n","protected":false},"featured_media":1047,"template":"","meta":{"_uag_custom_page_level_css":"","site-sidebar-layout":"default","site-content-layout":"default","ast-site-content-layout":"default","site-content-style":"default","site-sidebar-style":"default","ast-global-header-display":"","ast-banner-title-visibility":"","ast-main-header-display":"","ast-hfb-above-header-display":"","ast-hfb-below-header-display":"","ast-hfb-mobile-header-display":"","site-post-title":"","ast-breadcrumbs-content":"","ast-featured-img":"","footer-sml-layout":"","theme-transparent-header-meta":"default","adv-header-id-meta":"","stick-header-meta":"","header-above-stick-meta":"","header-main-stick-meta":"","header-below-stick-meta":"","astra-migrate-meta-layouts":"set","ast-page-background-enabled":"default","ast-page-background-meta":{"desktop":{"background-color":"var(--ast-global-color-4)","background-image":"","background-repeat":"repeat","background-position":"center center","background-size":"auto","background-attachment":"scroll","background-type":"","background-media":"","overlay-type":"","overlay-color":"","overlay-opacity":"","overlay-gradient":""},"tablet":{"background-color":"","background-image":"","background-repeat":"repeat","background-position":"center center","background-size":"auto","background-attachment":"scroll","background-type":"","background-media":"","overlay-type":"","overlay-color":"","overlay-opacity":"","overlay-gradient":""},"mobile":{"background-color":"","background-image":"","background-repeat":"repeat","background-position":"center center","background-size":"auto","background-attachment":"scroll","background-type":"","background-media":"","overlay-type":"","overlay-color":"","overlay-opacity":"","overlay-gradient":""}},"ast-content-background-meta":{"desktop":{"background-color":"var(--ast-global-color-5)","background-image":"","background-repeat":"repeat","background-position":"center center","background-size":"auto","background-attachment":"scroll","background-type":"","background-media":"","overlay-type":"","overlay-color":"","overlay-opacity":"","overlay-gradient":""},"tablet":{"background-color":"var(--ast-global-color-5)","background-image":"","background-repeat":"repeat","background-position":"center center","background-size":"auto","background-attachment":"scroll","background-type":"","background-media":"","overlay-type":"","overlay-color":"","overlay-opacity":"","overlay-gradient":""},"mobile":{"background-color":"var(--ast-global-color-5)","background-image":"","background-repeat":"repeat","background-position":"center center","background-size":"auto","background-attachment":"scroll","background-type":"","background-media":"","overlay-type":"","overlay-color":"","overlay-opacity":"","overlay-gradient":""}}},"product_brand":[],"product_cat":[22],"product_tag":[],"class_list":{"0":"post-1051","1":"product","2":"type-product","3":"status-publish","4":"has-post-thumbnail","6":"product_cat-collares","7":"desktop-align-center","8":"tablet-align-left","9":"mobile-align-left","11":"first","12":"instock","13":"taxable","14":"shipping-taxable","15":"purchasable","16":"product-type-simple"},"uagb_featured_image_src":{"full":["https:\/\/delafuentestudio.com\/wp-content\/uploads\/2023\/06\/COLLAR-PERLAS-MAX1.jpg",595,690,false],"thumbnail":["https:\/\/delafuentestudio.com\/wp-content\/uploads\/2023\/06\/COLLAR-PERLAS-MAX1-150x150.jpg",150,150,true],"medium":["https:\/\/delafuentestudio.com\/wp-content\/uploads\/2023\/06\/COLLAR-PERLAS-MAX1-259x300.jpg",259,300,true],"medium_large":["https:\/\/delafuentestudio.com\/wp-content\/uploads\/2023\/06\/COLLAR-PERLAS-MAX1.jpg",595,690,false],"large":["https:\/\/delafuentestudio.com\/wp-content\/uploads\/2023\/06\/COLLAR-PERLAS-MAX1.jpg",595,690,false],"1536x1536":["https:\/\/delafuentestudio.com\/wp-content\/uploads\/2023\/06\/COLLAR-PERLAS-MAX1.jpg",595,690,false],"2048x2048":["https:\/\/delafuentestudio.com\/wp-content\/uploads\/2023\/06\/COLLAR-PERLAS-MAX1.jpg",595,690,false],"woocommerce_thumbnail":["https:\/\/delafuentestudio.com\/wp-content\/uploads\/2023\/06\/COLLAR-PERLAS-MAX1-300x300.jpg",300,300,true],"woocommerce_single":["https:\/\/delafuentestudio.com\/wp-content\/uploads\/2023\/06\/COLLAR-PERLAS-MAX1.jpg",595,690,false],"woocommerce_gallery_thumbnail":["https:\/\/delafuentestudio.com\/wp-content\/uploads\/2023\/06\/COLLAR-PERLAS-MAX1-100x100.jpg",100,100,true]},"uagb_author_info":{"display_name":"delafuentestudio.info","author_link":"https:\/\/delafuentestudio.com\/index.php\/author\/"},"uagb_comment_info":0,"uagb_excerpt":"Perla \u2026\u201chija de la Luz\u201d , hace m\u00e1s de 2.000 a\u00f1os atr\u00e1s, s\u00edmbolo de pureza e inocencia, y a su vez, s\u00edmbolo de poder y prestigio\u2026 El Collar Perlas Max, el hermano mayor de nuestro Choker perlas&#8230;juntos o separados Detalles Material: Hilo de oro laminado de 24 quilates modelado con perlas de agua dulce, cristal&hellip;","jetpack_sharing_enabled":true,"_links":{"self":[{"href":"https:\/\/delafuentestudio.com\/index.php\/wp-json\/wp\/v2\/product\/1051","targetHints":{"allow":["GET"]}}],"collection":[{"href":"https:\/\/delafuentestudio.com\/index.php\/wp-json\/wp\/v2\/product"}],"about":[{"href":"https:\/\/delafuentestudio.com\/index.php\/wp-json\/wp\/v2\/types\/product"}],"version-history":[{"count":4,"href":"https:\/\/delafuentestudio.com\/index.php\/wp-json\/wp\/v2\/product\/1051\/revisions"}],"predecessor-version":[{"id":1068,"href":"https:\/\/delafuentestudio.com\/index.php\/wp-json\/wp\/v2\/product\/1051\/revisions\/1068"}],"wp:featuredmedia":[{"embeddable":true,"href":"https:\/\/delafuentestudio.com\/index.php\/wp-json\/wp\/v2\/media\/1047"}],"wp:attachment":[{"href":"https:\/\/delafuentestudio.com\/index.php\/wp-json\/wp\/v2\/media?parent=1051"}],"wp:term":[{"taxonomy":"product_brand","embeddable":true,"href":"https:\/\/delafuentestudio.com\/index.php\/wp-json\/wp\/v2\/product_brand?post=1051"},{"taxonomy":"product_cat","embeddable":true,"href":"https:\/\/delafuentestudio.com\/index.php\/wp-json\/wp\/v2\/product_cat?post=1051"},{"taxonomy":"product_tag","embeddable":true,"href":"https:\/\/delafuentestudio.com\/index.php\/wp-json\/wp\/v2\/product_tag?post=1051"}],"curies":[{"name":"wp","href":"https:\/\/api.w.org\/{rel}","templated":true}]}}