{"id":813,"date":"2023-05-09T10:01:55","date_gmt":"2023-05-09T10:01:55","guid":{"rendered":"https:\/\/delafuentestudio.com\/?page_id=813"},"modified":"2023-05-10T16:20:53","modified_gmt":"2023-05-10T16:20:53","slug":"guia-de-tallas","status":"publish","type":"page","link":"https:\/\/delafuentestudio.com\/index.php\/guia-de-tallas\/","title":{"rendered":"Gu\u00eda de Tallas"},"content":{"rendered":"\n<div class=\"wp-block-uagb-container uagb-block-fd58c8da alignfull uagb-is-root-container\"><div class=\"uagb-container-inner-blocks-wrap\">\n<div class=\"wp-block-uagb-advanced-heading uagb-block-64dc5d8c\"><h3 class=\"uagb-heading-text\">GU\u00cdA DE TALLAS<\/h3><\/div>\n\n\n\n<p><strong><span style=\"text-decoration: underline;\">CHOKERS SEMI-R\u00cdGIDOS<\/span><\/strong><br>Nuestros Chokers de metal est\u00e1n dise\u00f1ados para llevar ajustados al cuello.<br>Una vez colocado en el cuello, puedes ajustarlo ejerciendo una leve presi\u00f3n sobre el hilo de metal hacia la piel<br>Si tienes dudas sobre el ajuste de un choker semi-r\u00edgido, p\u00f3ngase en contacto con nosotros.<\/p>\n\n\n\n<p><br><strong><span style=\"text-decoration: underline;\">COLLARES DE CADENA<\/span><\/strong><br>La longitud de nuestros collares varia en funci\u00f3n del modelo, todos ellos vienen con un alargador en el extremo<br>de 6 cent\u00edmetros para aumentar la longitud si fuese necesario.<br>Si tienes dudas sobre la longitud de un collar o deseas una cadena mas larga o mas corta, p\u00f3ngase en contacto con nosotros.<\/p>\n\n\n\n<p><br><strong><span style=\"text-decoration: underline;\">BRAZALETES SEMI-R\u00cdGIDOS<\/span><\/strong><br>nuestros brazaletes est\u00e1n dise\u00f1ados para llevar ajustados a la mu\u00f1eca. Una vez colocado en la mu\u00f1eca puedes ajustarlo presionando levemente el hilo de metal sobre la piel.<br>Si tienes dudas sobre el ajuste de un brazalete semi-r\u00edgido, p\u00f3ngase en contacto con nosotros.<\/p>\n\n\n\n<p><br><strong><span style=\"text-decoration: underline;\">PULSERAS DE CADENA<\/span><\/strong><br>Nuestras pulseras tienen una longitud est\u00e1ndar de 17 cent\u00edmetros y vienen con un alargador en el extremo de 6 cent\u00edmetros para aumentar dicha longitud si fuese necesario.<br>Si tienes dudas sobre el ajuste de una pulsera o deseas una cadena mas larga o mas corta, p\u00f3ngase en contacto con nosotros.<\/p>\n\n\n\n<p><br><strong><span style=\"text-decoration: underline;\">ANILLOS AJUSTABLES<\/span><\/strong><br>Algunos de nuestros anillos son ajustables, una vez colocado en el dedo, puedes ajustarlo ejerciendo una leve presi\u00f3n sobre el metal hacia la piel.<br>Cuando un anillo es ajustable, se especificar\u00e1 en la descripci\u00f3n del producto.<\/p>\n\n\n\n<p><br><strong><span style=\"text-decoration: underline;\">ANILLOS CON TALLA<\/span><\/strong><br>Para anillos NO ajustable debes elegir tu talla.<br>Si no conoces tu talla y no tienes la posibilidad de que un profesional te mida, puedes seguir esta recomendaci\u00f3n:<br>Coge un anillo que te quede bien, colocado en una superficie plana y mide con una regla el interior de la circunferencia, no midas el metal del anillo, solo el centro.<br>Si tienes dudas sobre tu talla o deseas una talla que no aparece en nuestra web, p\u00f3ngase en contacto con nosotros.<\/p>\n\n\n\n<div class=\"wp-block-uagb-container uagb-block-d44a32f7\"><\/div>\n<\/div><\/div>\n","protected":false},"excerpt":{"rendered":"<p>GU\u00cdA DE TALLAS CHOKERS SEMI-R\u00cdGIDOSNuestros Chokers de metal est\u00e1n dise\u00f1ados para llevar ajustados al cuello.Una vez colocado en el cuello, puedes ajustarlo ejerciendo una leve presi\u00f3n sobre el hilo de metal hacia la pielSi tienes dudas sobre el ajuste de un choker semi-r\u00edgido, p\u00f3ngase en contacto con nosotros. COLLARES DE CADENALa longitud de nuestros collares [&hellip;]<\/p>\n","protected":false},"author":1,"featured_media":0,"parent":0,"menu_order":0,"comment_status":"closed","ping_status":"closed","template":"","meta":{"_uag_custom_page_level_css":"","site-sidebar-layout":"default","site-content-layout":"","ast-site-content-layout":"default","site-content-style":"default","site-sidebar-style":"default","ast-global-header-display":"","ast-banner-title-visibility":"","ast-main-header-display":"","ast-hfb-above-header-display":"","ast-hfb-below-header-display":"","ast-hfb-mobile-header-display":"","site-post-title":"","ast-breadcrumbs-content":"","ast-featured-img":"","footer-sml-layout":"","theme-transparent-header-meta":"","adv-header-id-meta":"","stick-header-meta":"","header-above-stick-meta":"","header-main-stick-meta":"","header-below-stick-meta":"","astra-migrate-meta-layouts":"default","ast-page-background-enabled":"default","ast-page-background-meta":{"desktop":{"background-color":"var(--ast-global-color-4)","background-image":"","background-repeat":"repeat","background-position":"center center","background-size":"auto","background-attachment":"scroll","background-type":"","background-media":"","overlay-type":"","overlay-color":"","overlay-opacity":"","overlay-gradient":""},"tablet":{"background-color":"","background-image":"","background-repeat":"repeat","background-position":"center center","background-size":"auto","background-attachment":"scroll","background-type":"","background-media":"","overlay-type":"","overlay-color":"","overlay-opacity":"","overlay-gradient":""},"mobile":{"background-color":"","background-image":"","background-repeat":"repeat","background-position":"center center","background-size":"auto","background-attachment":"scroll","background-type":"","background-media":"","overlay-type":"","overlay-color":"","overlay-opacity":"","overlay-gradient":""}},"ast-content-background-meta":{"desktop":{"background-color":"var(--ast-global-color-5)","background-image":"","background-repeat":"repeat","background-position":"center center","background-size":"auto","background-attachment":"scroll","background-type":"","background-media":"","overlay-type":"","overlay-color":"","overlay-opacity":"","overlay-gradient":""},"tablet":{"background-color":"var(--ast-global-color-5)","background-image":"","background-repeat":"repeat","background-position":"center center","background-size":"auto","background-attachment":"scroll","background-type":"","background-media":"","overlay-type":"","overlay-color":"","overlay-opacity":"","overlay-gradient":""},"mobile":{"background-color":"var(--ast-global-color-5)","background-image":"","background-repeat":"repeat","background-position":"center center","background-size":"auto","background-attachment":"scroll","background-type":"","background-media":"","overlay-type":"","overlay-color":"","overlay-opacity":"","overlay-gradient":""}},"footnotes":""},"class_list":["post-813","page","type-page","status-publish","hentry"],"uagb_featured_image_src":{"full":false,"thumbnail":false,"medium":false,"medium_large":false,"large":false,"1536x1536":false,"2048x2048":false,"woocommerce_thumbnail":false,"woocommerce_single":false,"woocommerce_gallery_thumbnail":false},"uagb_author_info":{"display_name":"delafuentestudio.info","author_link":"https:\/\/delafuentestudio.com\/index.php\/author\/delafuentestudio-info\/"},"uagb_comment_info":0,"uagb_excerpt":"GU\u00cdA DE TALLAS CHOKERS SEMI-R\u00cdGIDOSNuestros Chokers de metal est\u00e1n dise\u00f1ados para llevar ajustados al cuello.Una vez colocado en el cuello, puedes ajustarlo ejerciendo una leve presi\u00f3n sobre el hilo de metal hacia la pielSi tienes dudas sobre el ajuste de un choker semi-r\u00edgido, p\u00f3ngase en contacto con nosotros. COLLARES DE CADENALa longitud de nuestros collares&hellip;","jetpack_sharing_enabled":true,"_links":{"self":[{"href":"https:\/\/delafuentestudio.com\/index.php\/wp-json\/wp\/v2\/pages\/813","targetHints":{"allow":["GET"]}}],"collection":[{"href":"https:\/\/delafuentestudio.com\/index.php\/wp-json\/wp\/v2\/pages"}],"about":[{"href":"https:\/\/delafuentestudio.com\/index.php\/wp-json\/wp\/v2\/types\/page"}],"author":[{"embeddable":true,"href":"https:\/\/delafuentestudio.com\/index.php\/wp-json\/wp\/v2\/users\/1"}],"replies":[{"embeddable":true,"href":"https:\/\/delafuentestudio.com\/index.php\/wp-json\/wp\/v2\/comments?post=813"}],"version-history":[{"count":18,"href":"https:\/\/delafuentestudio.com\/index.php\/wp-json\/wp\/v2\/pages\/813\/revisions"}],"predecessor-version":[{"id":948,"href":"https:\/\/delafuentestudio.com\/index.php\/wp-json\/wp\/v2\/pages\/813\/revisions\/948"}],"wp:attachment":[{"href":"https:\/\/delafuentestudio.com\/index.php\/wp-json\/wp\/v2\/media?parent=813"}],"curies":[{"name":"wp","href":"https:\/\/api.w.org\/{rel}","templated":true}]}}