{"id":805,"date":"2023-05-09T09:41:22","date_gmt":"2023-05-09T09:41:22","guid":{"rendered":"https:\/\/delafuentestudio.com\/?page_id=805"},"modified":"2023-05-24T10:48:04","modified_gmt":"2023-05-24T10:48:04","slug":"politica-de-privacidad","status":"publish","type":"page","link":"https:\/\/delafuentestudio.com\/index.php\/politica-de-privacidad\/","title":{"rendered":"Pol\u00edtica de Privacidad"},"content":{"rendered":"\n<div class=\"wp-block-uagb-container uagb-block-e03ea55c alignfull uagb-is-root-container\"><div class=\"uagb-container-inner-blocks-wrap\">\n<div class=\"wp-block-uagb-advanced-heading uagb-block-c8506f98\"><h3 class=\"uagb-heading-text\">POL\u00cdTICA DE PRIVACIDAD<\/h3><\/div>\n<\/div><\/div>\n\n\n\n<p style=\"font-style:normal;font-weight:700\">Qui\u00e9nes somos<\/p>\n\n\n\n<p>La direcci\u00f3n de nuestra web es: <a href=\"https:\/\/delafuentestudio.com\">https:\/\/delafuentestudio.com<\/a>. <\/p>\n\n\n\n<p>Nuestro sitio web emplea la informaci\u00f3n con el fin de proporcionar el mejor servicio posible, particularmente para mantener un registro de usuarios, de pedidos en caso que aplique, y mejorar nuestros productos y servicios. &nbsp;Es posible que sean enviados correos electr\u00f3nicos peri\u00f3dicamente a trav\u00e9s de nuestro sitio con ofertas especiales, nuevos productos y otra informaci\u00f3n publicitaria que consideremos relevante para usted o que pueda brindarle alg\u00fan beneficio, estos correos electr\u00f3nicos ser\u00e1n enviados a la direcci\u00f3n que usted proporcione y podr\u00e1n ser cancelados en cualquier momento<\/p>\n\n\n\n<p style=\"font-style:normal;font-weight:400\">Delafuentestudio.com est\u00e1 altamente comprometido para cumplir con las leyes y regulaciones vigentes actuales sobre venta online con el compromiso de mantener su informaci\u00f3n segura. Usamos los sistemas m\u00e1s avanzados y los actualizamos constantemente para asegurarnos que no exista ning\u00fan acceso no autorizado.<\/p>\n\n\n\n<p> Para cualquier consulta no dudes en ponerte en contacto con nosotros enviando un correo a <a href=\"mailto:info@delafuentestudio.com\">info@delafuentestudio.com<\/a><\/p>\n\n\n\n<p style=\"font-style:normal;font-weight:700\">Comentarios<\/p>\n\n\n\n<p>Cuando los visitantes dejan comentarios en la web, recopilamos los datos que se muestran en el formulario de comentarios, as\u00ed como la direcci\u00f3n IP del visitante y la cadena de agentes de usuario del navegador para ayudar a la detecci\u00f3n de spam.<\/p>\n\n\n\n<p>Una cadena an\u00f3nima creada a partir de tu direcci\u00f3n de correo electr\u00f3nico (tambi\u00e9n llamada hash) puede ser proporcionada al servicio de Gravatar para ver si la est\u00e1s usando. La pol\u00edtica de privacidad del servicio Gravatar est\u00e1 disponible aqu\u00ed: <a href=\"https:\/\/automattic.com\/privacy\/\">https:\/\/automattic.com\/privacy\/<\/a>. Despu\u00e9s de la aprobaci\u00f3n de tu comentario, la imagen de tu perfil es visible para el p\u00fablico en el contexto de tu comentario.<\/p>\n\n\n\n<p style=\"font-style:normal;font-weight:700\">Medios<\/p>\n\n\n\n<p>Si subes im\u00e1genes a la web, deber\u00edas evitar subir im\u00e1genes con datos de ubicaci\u00f3n (GPS EXIF) incluidos. Los visitantes de la web pueden descargar y extraer cualquier dato de ubicaci\u00f3n de las im\u00e1genes de la web.<\/p>\n\n\n\n<p style=\"font-style:normal;font-weight:700\">Cookies<\/p>\n\n\n\n<p>Si dejas un comentario en nuestro sitio puedes elegir guardar tu nombre, direcci\u00f3n de correo electr\u00f3nico y web en cookies. Esto es para tu comodidad, para que no tengas que volver a rellenar tus datos cuando dejes otro comentario. Estas cookies tendr\u00e1n una duraci\u00f3n de un a\u00f1o.<\/p>\n\n\n\n<p>Si tienes una cuenta y te conectas a este sitio, instalaremos una cookie temporal para determinar si tu navegador acepta cookies. Esta cookie no contiene datos personales y se elimina al cerrar el navegador.<\/p>\n\n\n\n<p>Cuando accedas, tambi\u00e9n instalaremos varias cookies para guardar tu informaci\u00f3n de acceso y tus opciones de visualizaci\u00f3n de pantalla. Las cookies de acceso duran dos d\u00edas, y las cookies de opciones de pantalla duran un a\u00f1o. Si seleccionas \u00abRecu\u00e9rdarme\u00bb, tu acceso perdurar\u00e1 durante dos semanas. Si sales de tu cuenta, las cookies de acceso se eliminar\u00e1n.<\/p>\n\n\n\n<p>Si editas o publicas un art\u00edculo se guardar\u00e1 una cookie adicional en tu navegador. Esta cookie no incluye datos personales y simplemente indica el ID del art\u00edculo que acabas de editar. Caduca despu\u00e9s de 1 d\u00eda.<\/p>\n\n\n\n<p style=\"font-style:normal;font-weight:700\">Contenido incrustado de otros sitios web<\/p>\n\n\n\n<p>Los art\u00edculos de este sitio pueden incluir contenido incrustado (por ejemplo, v\u00eddeos, im\u00e1genes, art\u00edculos, etc.). El contenido incrustado de otras webs se comporta exactamente de la misma manera que si el visitante hubiera visitado la otra web.<\/p>\n\n\n\n<p>Estas web pueden recopilar datos sobre ti, utilizar cookies, incrustar un seguimiento adicional de terceros, y supervisar tu interacci\u00f3n con ese contenido incrustado, incluido el seguimiento de tu interacci\u00f3n con el contenido incrustado si tienes una cuenta y est\u00e1s conectado a esa web.<\/p>\n\n\n\n<p style=\"font-style:normal;font-weight:700\">Con qui\u00e9n compartimos tus datos<\/p>\n\n\n\n<p>Si solicitas un restablecimiento de contrase\u00f1a, tu direcci\u00f3n IP ser\u00e1 incluida en el correo electr\u00f3nico de restablecimiento.<\/p>\n\n\n\n<p style=\"font-style:normal;font-weight:700\">Cu\u00e1nto tiempo conservamos tus datos<\/p>\n\n\n\n<p>Si dejas un comentario, el comentario y sus metadatos se conservan indefinidamente. Esto es para que podamos reconocer y aprobar comentarios sucesivos autom\u00e1ticamente, en lugar de mantenerlos en una cola de moderaci\u00f3n.<\/p>\n\n\n\n<p>De los usuarios que se registran en nuestra web (si los hay), tambi\u00e9n almacenamos la informaci\u00f3n personal que proporcionan en su perfil de usuario. Todos los usuarios pueden ver, editar o eliminar su informaci\u00f3n personal en cualquier momento (excepto que no pueden cambiar su nombre de usuario). Los administradores de la web tambi\u00e9n pueden ver y editar esa informaci\u00f3n.<\/p>\n\n\n\n<p style=\"font-style:normal;font-weight:700\">Qu\u00e9 derechos tienes sobre tus datos<\/p>\n\n\n\n<p>Si tienes una cuenta o has dejado comentarios en esta web, puedes solicitar recibir un archivo de exportaci\u00f3n de los datos personales que tenemos sobre ti, incluyendo cualquier dato que nos hayas proporcionado. Tambi\u00e9n puedes solicitar que eliminemos cualquier dato personal que tengamos sobre ti. Esto no incluye ning\u00fan dato que estemos obligados a conservar con fines administrativos, legales o de seguridad.<\/p>\n\n\n\n<p style=\"font-style:normal;font-weight:700\">D\u00f3nde se env\u00edan tus datos<\/p>\n\n\n\n<p>Los comentarios de los visitantes puede que los revise un servicio de detecci\u00f3n autom\u00e1tica de spam.<\/p>\n\n\n\n<p style=\"font-style:normal;font-weight:700\">Lo que recopilamos y almacenamos<\/p>\n\n\n\n<p>Esta p\u00e1gina web utiliza <strong>Woocommerce<\/strong>, recopilando informaci\u00f3n tuya durante el proceso de pago en nuestra tienda. Mientras visitas nuestro sitio realizaremos el seguimiento de:<\/p>\n\n\n\n<ul class=\"wp-block-list\">\n<li>Productos que has visto: Los usaremos para, por ejemplo, mostrarte los productos que has visto recientemente<\/li>\n\n\n\n<li>Ubicaci\u00f3n, direcci\u00f3n IP y tipo de navegador: usaremos esto para prop\u00f3sitos como estimar impuestos y costes de env\u00edo<\/li>\n\n\n\n<li>Direcci\u00f3n de env\u00edo: te pediremos que facilites esto para que podamos, por ejemplo, estimar el coste del env\u00edo antes de que hagas un pedido, \u00a1y enviarte el pedido!<\/li>\n<\/ul>\n\n\n\n<p>Tambi\u00e9n usamos cookies para realizar el seguimiento de los contenidos del carrito mientras navegas por nuestro sitio.<\/p>\n\n\n\n<p>Cuando nos compras algo te pedimos que facilites informaci\u00f3n que incluye tu nombre, direcci\u00f3n de facturaci\u00f3n, direcci\u00f3n de env\u00edo, direcci\u00f3n de correo electr\u00f3nico, n\u00famero de tel\u00e9fono, detalles de la tarjeta de cr\u00e9dito\/pago e informaci\u00f3n adicional opcional como el nombre de usuario y la contrase\u00f1a. Usaremos esta informaci\u00f3n para prop\u00f3sitos como:<\/p>\n\n\n\n<ul class=\"wp-block-list\">\n<li>Enviarte informaci\u00f3n sobre tu cuenta y pedido<\/li>\n\n\n\n<li>Responder a tus solicitudes, incluidos reembolsos y reclamaciones<\/li>\n\n\n\n<li>Procesar pagos y evitar el fraude<\/li>\n\n\n\n<li>Configurar tu cuenta para nuestra tienda<\/li>\n\n\n\n<li>Cumplir con cualquier obligaci\u00f3n legal que tengamos, como c\u00e1lculos de impuestos<\/li>\n\n\n\n<li>Mejorar las ofertas de nuestra tienda<\/li>\n\n\n\n<li>Enviarte mensajes promocionales, si eliges recibirlos<\/li>\n<\/ul>\n\n\n\n<p>Si creas una cuenta almacenaremos tu nombre, direcci\u00f3n, correo electr\u00f3nico y n\u00famero de tel\u00e9fono, lo que usaremos para el proceso de pago y futuros pedidos.<\/p>\n\n\n\n<p>Normalmente almacenamos informaci\u00f3n sobre ti durante el tiempo que necesitemos la informaci\u00f3n para los prop\u00f3sitos para los que la recopilamos y usamos, y no estemos legalmente obligados a seguir guard\u00e1ndola. Por ejemplo, almacenaremos informaci\u00f3n de los pedidos durante 2 a\u00f1os para prop\u00f3sitos de impuestos y contabilidad. Esto incluye tu nombre, direcci\u00f3n de correo electr\u00f3nico y direcciones de facturaci\u00f3n y env\u00edo.<\/p>\n\n\n\n<p>Tambi\u00e9n almacenamos comentarios o valoraciones, si eliges dejarlos.<\/p>\n\n\n\n<p style=\"font-style:normal;font-weight:700\">Qui\u00e9n de nuestro equipo tiene acceso<\/p>\n\n\n\n<p>Los miembros de nuestro equipo tienen acceso a la informaci\u00f3n que nos ofreces. Por ejemplo, los administradores y gestores de tienda pueden acceder:<\/p>\n\n\n\n<ul class=\"wp-block-list\">\n<li>La informaci\u00f3n de pedidos, como qu\u00e9 se compr\u00f3, cu\u00e1ndo se compr\u00f3 y d\u00f3nde se deber\u00eda enviar, y<\/li>\n\n\n\n<li>La informaci\u00f3n de cliente, como tu nombre, direcci\u00f3n de correo electr\u00f3nico, y la informaci\u00f3n de facturaci\u00f3n y env\u00edo.<\/li>\n<\/ul>\n\n\n\n<p>Los miembros de nuestro equipo tienen acceso a esta informaci\u00f3n para ayudar a completar pedidos, procesar reembolsos y darte soporte.<\/p>\n\n\n\n<p style=\"font-style:normal;font-weight:700\">Lo que compartimos con otros<\/p>\n\n\n\n<p>Compartimos informaci\u00f3n con otros, que nos ayudan a ofrecer nuestros pedidos y gestionar servicios para ti.<\/p>\n\n\n\n<p style=\"font-style:normal;font-weight:700\">Pagos<\/p>\n\n\n\n<p>Aceptamos pagos mediante <strong>Stripe<\/strong>. Al procesar pagos algunos de tus datos se pasar\u00e1n a <strong>Stripe<\/strong>, incluida la informaci\u00f3n requerida para procesar o dar soporte al pago, tales como el total de la compra y la informaci\u00f3n de facturaci\u00f3n. <\/p>\n\n\n\n<p>Por favor, revisa la&nbsp;<a href=\"https:\/\/stripe.com\/es\/privacy\">pol\u00edtica de privacidad de Stripe<\/a>&nbsp;para m\u00e1s detalles.<\/p>\n\n\n\n<p style=\"font-style:normal;font-weight:700\">Cache<\/p>\n\n\n\n<p>Este sitio utiliza el almacenamiento en la cach\u00e9 a trav\u00e9s de <strong>LiteSpeed Cache<\/strong>, para facilitar un tiempo de respuesta m\u00e1s r\u00e1pido y una mejor experiencia de usuario. El almacenamiento en la cach\u00e9, potencialmente, almacena una copia duplicada de cada p\u00e1gina web que se muestra en este sitio. Todos los archivos de la cach\u00e9 son temporales y nunca acceden a ellos terceras partes, salvo cuando necesario para obtener soporte t\u00e9cnico del proveedor del plugin de cach\u00e9. Los archivos de la cach\u00e9 caducan en una programaci\u00f3n establecida por el administrador del sitio, pero pueden ser f\u00e1cilmente vaciados por el administrador antes de su caducidad natural, si fuese necesario. Podemos usar los servicios de QUIC.cloud para procesar y almacenar tus datos temporalmente en la cach\u00e9. Por favor, consulta&nbsp;<a href=\"https:\/\/quic.cloud\/privacy-policy\/\">https:\/\/quic.cloud\/privacy-policy\/<\/a>&nbsp;para m\u00e1s detalles.<\/p>\n","protected":false},"excerpt":{"rendered":"<p>POL\u00cdTICA DE PRIVACIDAD Qui\u00e9nes somos La direcci\u00f3n de nuestra web es: https:\/\/delafuentestudio.com. Nuestro sitio web emplea la informaci\u00f3n con el fin de proporcionar el mejor servicio posible, particularmente para mantener un registro de usuarios, de pedidos en caso que aplique, y mejorar nuestros productos y servicios. &nbsp;Es posible que sean enviados correos electr\u00f3nicos peri\u00f3dicamente a [&hellip;]<\/p>\n","protected":false},"author":1,"featured_media":0,"parent":0,"menu_order":0,"comment_status":"closed","ping_status":"closed","template":"","meta":{"_uag_custom_page_level_css":"","site-sidebar-layout":"default","site-content-layout":"","ast-site-content-layout":"default","site-content-style":"default","site-sidebar-style":"default","ast-global-header-display":"","ast-banner-title-visibility":"","ast-main-header-display":"","ast-hfb-above-header-display":"","ast-hfb-below-header-display":"","ast-hfb-mobile-header-display":"","site-post-title":"","ast-breadcrumbs-content":"","ast-featured-img":"","footer-sml-layout":"","theme-transparent-header-meta":"","adv-header-id-meta":"","stick-header-meta":"","header-above-stick-meta":"","header-main-stick-meta":"","header-below-stick-meta":"","astra-migrate-meta-layouts":"default","ast-page-background-enabled":"default","ast-page-background-meta":{"desktop":{"background-color":"var(--ast-global-color-4)","background-image":"","background-repeat":"repeat","background-position":"center center","background-size":"auto","background-attachment":"scroll","background-type":"","background-media":"","overlay-type":"","overlay-color":"","overlay-opacity":"","overlay-gradient":""},"tablet":{"background-color":"","background-image":"","background-repeat":"repeat","background-position":"center center","background-size":"auto","background-attachment":"scroll","background-type":"","background-media":"","overlay-type":"","overlay-color":"","overlay-opacity":"","overlay-gradient":""},"mobile":{"background-color":"","background-image":"","background-repeat":"repeat","background-position":"center center","background-size":"auto","background-attachment":"scroll","background-type":"","background-media":"","overlay-type":"","overlay-color":"","overlay-opacity":"","overlay-gradient":""}},"ast-content-background-meta":{"desktop":{"background-color":"var(--ast-global-color-5)","background-image":"","background-repeat":"repeat","background-position":"center center","background-size":"auto","background-attachment":"scroll","background-type":"","background-media":"","overlay-type":"","overlay-color":"","overlay-opacity":"","overlay-gradient":""},"tablet":{"background-color":"var(--ast-global-color-5)","background-image":"","background-repeat":"repeat","background-position":"center center","background-size":"auto","background-attachment":"scroll","background-type":"","background-media":"","overlay-type":"","overlay-color":"","overlay-opacity":"","overlay-gradient":""},"mobile":{"background-color":"var(--ast-global-color-5)","background-image":"","background-repeat":"repeat","background-position":"center center","background-size":"auto","background-attachment":"scroll","background-type":"","background-media":"","overlay-type":"","overlay-color":"","overlay-opacity":"","overlay-gradient":""}},"footnotes":""},"class_list":["post-805","page","type-page","status-publish","hentry"],"uagb_featured_image_src":{"full":false,"thumbnail":false,"medium":false,"medium_large":false,"large":false,"1536x1536":false,"2048x2048":false,"woocommerce_thumbnail":false,"woocommerce_single":false,"woocommerce_gallery_thumbnail":false},"uagb_author_info":{"display_name":"delafuentestudio.info","author_link":"https:\/\/delafuentestudio.com\/index.php\/author\/delafuentestudio-info\/"},"uagb_comment_info":0,"uagb_excerpt":"POL\u00cdTICA DE PRIVACIDAD Qui\u00e9nes somos La direcci\u00f3n de nuestra web es: https:\/\/delafuentestudio.com. Nuestro sitio web emplea la informaci\u00f3n con el fin de proporcionar el mejor servicio posible, particularmente para mantener un registro de usuarios, de pedidos en caso que aplique, y mejorar nuestros productos y servicios. &nbsp;Es posible que sean enviados correos electr\u00f3nicos peri\u00f3dicamente a&hellip;","jetpack_sharing_enabled":true,"_links":{"self":[{"href":"https:\/\/delafuentestudio.com\/index.php\/wp-json\/wp\/v2\/pages\/805","targetHints":{"allow":["GET"]}}],"collection":[{"href":"https:\/\/delafuentestudio.com\/index.php\/wp-json\/wp\/v2\/pages"}],"about":[{"href":"https:\/\/delafuentestudio.com\/index.php\/wp-json\/wp\/v2\/types\/page"}],"author":[{"embeddable":true,"href":"https:\/\/delafuentestudio.com\/index.php\/wp-json\/wp\/v2\/users\/1"}],"replies":[{"embeddable":true,"href":"https:\/\/delafuentestudio.com\/index.php\/wp-json\/wp\/v2\/comments?post=805"}],"version-history":[{"count":19,"href":"https:\/\/delafuentestudio.com\/index.php\/wp-json\/wp\/v2\/pages\/805\/revisions"}],"predecessor-version":[{"id":1043,"href":"https:\/\/delafuentestudio.com\/index.php\/wp-json\/wp\/v2\/pages\/805\/revisions\/1043"}],"wp:attachment":[{"href":"https:\/\/delafuentestudio.com\/index.php\/wp-json\/wp\/v2\/media?parent=805"}],"curies":[{"name":"wp","href":"https:\/\/api.w.org\/{rel}","templated":true}]}}