{"id":708,"date":"2023-04-25T15:06:24","date_gmt":"2023-04-25T15:06:24","guid":{"rendered":"https:\/\/delafuentestudio.com\/?page_id=708"},"modified":"2024-04-05T13:29:28","modified_gmt":"2024-04-05T13:29:28","slug":"condiciones-generales","status":"publish","type":"page","link":"https:\/\/delafuentestudio.com\/index.php\/condiciones-generales\/","title":{"rendered":"T\u00e9rminos y Condiciones"},"content":{"rendered":"\n<div class=\"wp-block-uagb-advanced-heading uagb-block-9ec8e870\"><h3 class=\"uagb-heading-text\">T\u00c9RMINOS Y CONDICIONES<\/h3><\/div>\n\n\n\n<div class=\"wp-block-uagb-info-box uagb-block-b8d6619f uagb-infobox__content-wrap  uagb-infobox-icon-above-title uagb-infobox-image-valign-top\"><div class=\"uagb-ifb-content\"><div class=\"uagb-ifb-title-wrap\"><h5 class=\"uagb-ifb-title\">T\u00c9RMINOS Y CONDICIONES DE COMPRA<\/h5><\/div><p class=\"uagb-ifb-desc\">Recuerda que fabricamos todas nuestras piezas de manera artesanal en nuestro taller de Almer\u00eda, por lo que, si tu pieza est\u00e1 en PRE-ORDER, significa que la elaboraremos en exclusiva para ti.<br>Para ello necesitamos un plazo m\u00e1ximo de tres semanas, no dudes que trabajamos para envi\u00e1rtela lo antes posible.<br><\/p><\/div><\/div>\n\n\n\n<div class=\"wp-block-uagb-info-box uagb-block-508aaab0 uagb-infobox__content-wrap  uagb-infobox-icon-above-title uagb-infobox-image-valign-top\"><div class=\"uagb-ifb-content\"><div class=\"uagb-ifb-title-wrap\"><h5 class=\"uagb-ifb-title\">GARANT\u00cdA<\/h5><\/div><p class=\"uagb-ifb-desc\">Dispones de un a\u00f1o de garant\u00eda desde la fecha de compra ante cualquier defecto de fabricaci\u00f3n.<br><\/p><\/div><\/div>\n\n\n\n<div class=\"wp-block-uagb-info-box uagb-block-a533117c uagb-infobox__content-wrap  uagb-infobox-icon-above-title uagb-infobox-image-valign-top\"><div class=\"uagb-ifb-content\"><div class=\"uagb-ifb-title-wrap\"><h5 class=\"uagb-ifb-title\">ENV\u00cdO<\/h5><\/div><p class=\"uagb-ifb-desc\">Para ofrecer un mejor servicio, todos los pedidos se env\u00edan mediante servicio de mensajer\u00eda Express. <br>El tiempo de env\u00edo es de 1 a 2 d\u00edas laborables, siempre que la pieza est\u00e9 disponible en STOCK. <br>Recuerda que para pedidos PRE-ORDER, el tiempo de fabricaci\u00f3n es de 14 a 21 d\u00edas.<br>* Pedidos dentro de la Pen\u00ednsula:<br>   5\u20ac en pedidos inferiores a 120\u20ac <br>   Env\u00edo gratuito en pedidos a partir de 120\u20ac<br>* Pedidos Islas Canarias, Baleares, Ceuta y Melilla:<br>   Env\u00edo gratuito en pedidos a partir de 170\u20ac <br>   12\u20ac en pedidos inferiores a 120\u20ac <br><\/p><\/div><\/div>\n\n\n\n<div class=\"wp-block-uagb-info-box uagb-block-a1ca7b3a uagb-infobox__content-wrap  uagb-infobox-icon-above-title uagb-infobox-image-valign-top\"><div class=\"uagb-ifb-content\"><div class=\"uagb-ifb-title-wrap\"><h5 class=\"uagb-ifb-title\">CAMBIOS Y DEVOLUCIONES<\/h5><\/div><p class=\"uagb-ifb-desc\">Dispones de 14 d\u00edas desde la recepci\u00f3n de tu pieza para cambios \u00f3 devoluciones. Los art\u00edculos deben contener todas las etiquetas y estar en perfecto estado.<\/p><\/div><\/div>\n","protected":false},"excerpt":{"rendered":"<p>T\u00c9RMINOS Y CONDICIONES<\/p>\n","protected":false},"author":1,"featured_media":0,"parent":0,"menu_order":0,"comment_status":"closed","ping_status":"closed","template":"","meta":{"_uag_custom_page_level_css":"","site-sidebar-layout":"default","site-content-layout":"","ast-site-content-layout":"default","site-content-style":"default","site-sidebar-style":"default","ast-global-header-display":"","ast-banner-title-visibility":"","ast-main-header-display":"","ast-hfb-above-header-display":"","ast-hfb-below-header-display":"","ast-hfb-mobile-header-display":"","site-post-title":"","ast-breadcrumbs-content":"","ast-featured-img":"","footer-sml-layout":"","theme-transparent-header-meta":"","adv-header-id-meta":"","stick-header-meta":"","header-above-stick-meta":"","header-main-stick-meta":"","header-below-stick-meta":"","astra-migrate-meta-layouts":"set","ast-page-background-enabled":"default","ast-page-background-meta":{"desktop":{"background-color":"var(--ast-global-color-4)","background-image":"","background-repeat":"repeat","background-position":"center center","background-size":"auto","background-attachment":"scroll","background-type":"","background-media":"","overlay-type":"","overlay-color":"","overlay-opacity":"","overlay-gradient":""},"tablet":{"background-color":"","background-image":"","background-repeat":"repeat","background-position":"center center","background-size":"auto","background-attachment":"scroll","background-type":"","background-media":"","overlay-type":"","overlay-color":"","overlay-opacity":"","overlay-gradient":""},"mobile":{"background-color":"","background-image":"","background-repeat":"repeat","background-position":"center center","background-size":"auto","background-attachment":"scroll","background-type":"","background-media":"","overlay-type":"","overlay-color":"","overlay-opacity":"","overlay-gradient":""}},"ast-content-background-meta":{"desktop":{"background-color":"var(--ast-global-color-5)","background-image":"","background-repeat":"repeat","background-position":"center center","background-size":"auto","background-attachment":"scroll","background-type":"","background-media":"","overlay-type":"","overlay-color":"","overlay-opacity":"","overlay-gradient":""},"tablet":{"background-color":"var(--ast-global-color-5)","background-image":"","background-repeat":"repeat","background-position":"center center","background-size":"auto","background-attachment":"scroll","background-type":"","background-media":"","overlay-type":"","overlay-color":"","overlay-opacity":"","overlay-gradient":""},"mobile":{"background-color":"var(--ast-global-color-5)","background-image":"","background-repeat":"repeat","background-position":"center center","background-size":"auto","background-attachment":"scroll","background-type":"","background-media":"","overlay-type":"","overlay-color":"","overlay-opacity":"","overlay-gradient":""}},"footnotes":""},"class_list":["post-708","page","type-page","status-publish","hentry"],"uagb_featured_image_src":{"full":false,"thumbnail":false,"medium":false,"medium_large":false,"large":false,"1536x1536":false,"2048x2048":false,"woocommerce_thumbnail":false,"woocommerce_single":false,"woocommerce_gallery_thumbnail":false},"uagb_author_info":{"display_name":"delafuentestudio.info","author_link":"https:\/\/delafuentestudio.com\/index.php\/author\/delafuentestudio-info\/"},"uagb_comment_info":0,"uagb_excerpt":"T\u00c9RMINOS Y CONDICIONES","jetpack_sharing_enabled":true,"_links":{"self":[{"href":"https:\/\/delafuentestudio.com\/index.php\/wp-json\/wp\/v2\/pages\/708","targetHints":{"allow":["GET"]}}],"collection":[{"href":"https:\/\/delafuentestudio.com\/index.php\/wp-json\/wp\/v2\/pages"}],"about":[{"href":"https:\/\/delafuentestudio.com\/index.php\/wp-json\/wp\/v2\/types\/page"}],"author":[{"embeddable":true,"href":"https:\/\/delafuentestudio.com\/index.php\/wp-json\/wp\/v2\/users\/1"}],"replies":[{"embeddable":true,"href":"https:\/\/delafuentestudio.com\/index.php\/wp-json\/wp\/v2\/comments?post=708"}],"version-history":[{"count":22,"href":"https:\/\/delafuentestudio.com\/index.php\/wp-json\/wp\/v2\/pages\/708\/revisions"}],"predecessor-version":[{"id":1446,"href":"https:\/\/delafuentestudio.com\/index.php\/wp-json\/wp\/v2\/pages\/708\/revisions\/1446"}],"wp:attachment":[{"href":"https:\/\/delafuentestudio.com\/index.php\/wp-json\/wp\/v2\/media?parent=708"}],"curies":[{"name":"wp","href":"https:\/\/api.w.org\/{rel}","templated":true}]}}