{"id":664,"date":"2023-04-25T10:15:20","date_gmt":"2023-04-25T10:15:20","guid":{"rendered":"https:\/\/delafuentestudio.com\/?page_id=664"},"modified":"2023-05-19T12:39:58","modified_gmt":"2023-05-19T12:39:58","slug":"historia","status":"publish","type":"page","link":"https:\/\/delafuentestudio.com\/index.php\/historia\/","title":{"rendered":"Sobre DelaFuente"},"content":{"rendered":"\n<div class=\"wp-block-uagb-container uagb-block-ffe97465 alignfull uagb-is-root-container\"><\/div>\n\n\n\n<div class=\"wp-block-uagb-container uagb-block-b0f345c8 alignfull uagb-is-root-container\"><div class=\"uagb-container-inner-blocks-wrap\">\n<div class=\"wp-block-uagb-info-box uagb-block-8a0b8eca uagb-infobox__content-wrap  uagb-infobox-icon-above-title uagb-infobox-image-valign-top\"><div class=\"uagb-ifb-content\"><div class=\"uagb-ifb-title-wrap\"><h2 class=\"uagb-ifb-title\">HISTORIA<\/h2><\/div><p class=\"uagb-ifb-desc\"><strong>DELAFUENTE STUDIO<\/strong> nace de la mano de Maria de Lafuente, co-founder de la firma, quien a sus 18 a\u00f1os dej\u00f3 su Almer\u00eda natal para estudiar la carrera Superior de Dise\u00f1adora de Moda en Madrid. Lo que comenz\u00f3 como un viaje pasajero la mantuvo all\u00ed mas de 20 a\u00f1os, en ese tiempo ha tenido el honor de recibir premios como Mejor Dise\u00f1ador de Madrid o Mejor Dise\u00f1ador en la pasarela Puerta de Europa de IFEMA, lo que le dio la oportunidad de viajar a Alemania como representaci\u00f3n de Espa\u00f1a. Ha trabajado en vestuario cinematogr\u00e1fico, y como dise\u00f1adora en importantes empresas multinacionales de Moda. Posteriormente completa su formaci\u00f3n cursando estudios superiores de<br>dise\u00f1o de Joyer\u00eda Art\u00edstica, y ha dedicado sus \u00faltimos a\u00f1os a impulsar y dirigir el departamento de joyer\u00eda de una conocida empresa como dise\u00f1adora y jefe de Taller. Una pandemia y su hija Gala, le han dado la oportunidad de volver a casa, desde donde comienza este proyecto, dice, para ella el m\u00e1s m\u00e1gico y personal. Bienvenidos ahora s\u00ed, a \u2026. \u201cEl Jard\u00edn de las Joyas\u201d \u2026<\/p><\/div><\/div>\n<\/div><\/div>\n\n\n\n<div class=\"wp-block-uagb-container uagb-block-20d3edeb alignfull uagb-is-root-container\"><\/div>\n\n\n\n<div class=\"wp-block-uagb-container uagb-block-f34a9ad7 alignfull uagb-is-root-container\"><div class=\"uagb-container-inner-blocks-wrap\">\n<div class=\"wp-block-uagb-info-box uagb-block-aa24bed8 uagb-infobox__content-wrap  uagb-infobox-icon-above-title uagb-infobox-image-valign-top\"><div class=\"uagb-ifb-content\"><div class=\"uagb-ifb-title-wrap\"><h2 class=\"uagb-ifb-title\">FILOSOF\u00cdA<\/h2><\/div><p class=\"uagb-ifb-desc\">Nuestra filosof\u00eda de marca se basa en crear piezas \u00fanicas, para ello creemos en la revalorizaci\u00f3n de lo antiguo como un valor esencial, rescatar una metodolog\u00eda de trabajo cuyos pilares sean la belleza y calidad. <br>Nuestras piezas tienen historia, est\u00e1n dise\u00f1adas buscando esa belleza que se obtiene \u00fanicamente con el trabajo a mano, mimando cada detalle, con los mejores materiales, y dedicando a cada pieza el tiempo que necesita. Y es, en esa mezcla equilibrada entre t\u00e9cnicas de joyer\u00eda artesanal y t\u00e9cnicas de ultima generaci\u00f3n, donde encontramos nuestra esencia.<br>Piezas org\u00e1nicas, inspiraci\u00f3n vintage y acabados muy pulidos que buscan embellecer a la mujer como peque\u00f1os tesoros.<\/p><\/div><\/div>\n<\/div><\/div>\n\n\n\n<div class=\"wp-block-uagb-container uagb-block-bad5f66a alignfull uagb-is-root-container\"><\/div>\n\n\n\n<div class=\"wp-block-uagb-container uagb-block-f1330b3c alignfull uagb-is-root-container\"><div class=\"uagb-container-inner-blocks-wrap\">\n<div class=\"wp-block-uagb-info-box uagb-block-700eabf0 uagb-infobox__content-wrap  uagb-infobox-icon-above-title uagb-infobox-image-valign-top\"><div class=\"uagb-ifb-content\"><div class=\"uagb-ifb-title-wrap\"><h2 class=\"uagb-ifb-title\">FABRICACI\u00d3N<\/h2><\/div><p class=\"uagb-ifb-desc\">Todas las piezas mostradas perteneces a una colecci\u00f3n EXCLUSIVA de <strong>DELAFUENTE STUDIO<\/strong>. Esto significa que el proceso de creaci\u00f3n comienza desde cero y que SOLO lo comercializamos nosotros. Para ello dise\u00f1amos, modelamos y creamos nuestros moldes, de los cuales replicaremos nuestras piezas en metal. Toda nuestra cadena de producci\u00f3n est\u00e1 \u00edntegramente localizada en Espa\u00f1a, trabajando con artesanos dedicados al sector de la joyer\u00eda desde generaciones, y es, en nuestro taller de Almer\u00eda, DESDE y DONDE las piezas cobran vida. Recuerda que cada pieza est\u00e1 realizada a mano en nuestro taller, esto hace que nuestras unidades sean muy limitadas, pero tambi\u00e9n que sean \u00fanicas y especiales, y nos da la posibilidad de asegurar la mejor calidad.<br><\/p><\/div><\/div>\n<\/div><\/div>\n","protected":false},"excerpt":{"rendered":"","protected":false},"author":1,"featured_media":0,"parent":0,"menu_order":0,"comment_status":"closed","ping_status":"closed","template":"","meta":{"_uag_custom_page_level_css":"","site-sidebar-layout":"default","site-content-layout":"","ast-site-content-layout":"default","site-content-style":"default","site-sidebar-style":"default","ast-global-header-display":"","ast-banner-title-visibility":"","ast-main-header-display":"","ast-hfb-above-header-display":"","ast-hfb-below-header-display":"","ast-hfb-mobile-header-display":"","site-post-title":"","ast-breadcrumbs-content":"","ast-featured-img":"","footer-sml-layout":"","theme-transparent-header-meta":"","adv-header-id-meta":"","stick-header-meta":"","header-above-stick-meta":"","header-main-stick-meta":"","header-below-stick-meta":"","astra-migrate-meta-layouts":"default","ast-page-background-enabled":"default","ast-page-background-meta":{"desktop":{"background-color":"var(--ast-global-color-4)","background-image":"","background-repeat":"repeat","background-position":"center center","background-size":"auto","background-attachment":"scroll","background-type":"","background-media":"","overlay-type":"","overlay-color":"","overlay-opacity":"","overlay-gradient":""},"tablet":{"background-color":"","background-image":"","background-repeat":"repeat","background-position":"center center","background-size":"auto","background-attachment":"scroll","background-type":"","background-media":"","overlay-type":"","overlay-color":"","overlay-opacity":"","overlay-gradient":""},"mobile":{"background-color":"","background-image":"","background-repeat":"repeat","background-position":"center center","background-size":"auto","background-attachment":"scroll","background-type":"","background-media":"","overlay-type":"","overlay-color":"","overlay-opacity":"","overlay-gradient":""}},"ast-content-background-meta":{"desktop":{"background-color":"var(--ast-global-color-5)","background-image":"","background-repeat":"repeat","background-position":"center center","background-size":"auto","background-attachment":"scroll","background-type":"","background-media":"","overlay-type":"","overlay-color":"","overlay-opacity":"","overlay-gradient":""},"tablet":{"background-color":"var(--ast-global-color-5)","background-image":"","background-repeat":"repeat","background-position":"center center","background-size":"auto","background-attachment":"scroll","background-type":"","background-media":"","overlay-type":"","overlay-color":"","overlay-opacity":"","overlay-gradient":""},"mobile":{"background-color":"var(--ast-global-color-5)","background-image":"","background-repeat":"repeat","background-position":"center center","background-size":"auto","background-attachment":"scroll","background-type":"","background-media":"","overlay-type":"","overlay-color":"","overlay-opacity":"","overlay-gradient":""}},"footnotes":""},"class_list":["post-664","page","type-page","status-publish","hentry"],"uagb_featured_image_src":{"full":false,"thumbnail":false,"medium":false,"medium_large":false,"large":false,"1536x1536":false,"2048x2048":false,"woocommerce_thumbnail":false,"woocommerce_single":false,"woocommerce_gallery_thumbnail":false},"uagb_author_info":{"display_name":"delafuentestudio.info","author_link":"https:\/\/delafuentestudio.com\/index.php\/author\/delafuentestudio-info\/"},"uagb_comment_info":0,"uagb_excerpt":null,"jetpack_sharing_enabled":true,"_links":{"self":[{"href":"https:\/\/delafuentestudio.com\/index.php\/wp-json\/wp\/v2\/pages\/664","targetHints":{"allow":["GET"]}}],"collection":[{"href":"https:\/\/delafuentestudio.com\/index.php\/wp-json\/wp\/v2\/pages"}],"about":[{"href":"https:\/\/delafuentestudio.com\/index.php\/wp-json\/wp\/v2\/types\/page"}],"author":[{"embeddable":true,"href":"https:\/\/delafuentestudio.com\/index.php\/wp-json\/wp\/v2\/users\/1"}],"replies":[{"embeddable":true,"href":"https:\/\/delafuentestudio.com\/index.php\/wp-json\/wp\/v2\/comments?post=664"}],"version-history":[{"count":28,"href":"https:\/\/delafuentestudio.com\/index.php\/wp-json\/wp\/v2\/pages\/664\/revisions"}],"predecessor-version":[{"id":1017,"href":"https:\/\/delafuentestudio.com\/index.php\/wp-json\/wp\/v2\/pages\/664\/revisions\/1017"}],"wp:attachment":[{"href":"https:\/\/delafuentestudio.com\/index.php\/wp-json\/wp\/v2\/media?parent=664"}],"curies":[{"name":"wp","href":"https:\/\/api.w.org\/{rel}","templated":true}]}}